
    {"id":19286,"date":"2025-01-29T13:50:52","date_gmt":"2025-01-29T12:50:52","guid":{"rendered":"https:\/\/www.billystays.com\/?post_type=product&#038;p=19286"},"modified":"2025-05-07T16:39:55","modified_gmt":"2025-05-07T15:39:55","slug":"fast-track-avec-accompagnement-rabat","status":"publish","type":"product","link":"https:\/\/www.billystays.com\/en\/product\/fast-track-avec-accompagnement-rabat\/","title":{"rendered":"Fast track avec accompagnement Rabat"},"content":{"rendered":"<div class=\"wpr-grid-item-excerpt elementor-repeater-item-1a3a425 wpr-grid-item-display-block wpr-grid-item-align-left\">\n<div class=\"inner-block\">\n<p>Les agents Fast Track accueillent personnellement vos passagers \u00e0 l&rsquo;arriv\u00e9e au terminal (ou au terminal au terminal terrestre pour les d\u00e9parts). Ils les assistent pour les formalit\u00e9s d&rsquo;enregistrement, les bagages et les accompagnent jusqu&rsquo;\u00e0 la sortie de l&rsquo;a\u00e9roport (ou jusqu&rsquo;\u00e0 la porte d&#8217;embarquement). la sortie de l&rsquo;a\u00e9roport (ou la porte d&#8217;embarquement)<\/p>\n<\/div>\n<\/div>\n<div class=\"wpr-grid-item-add-to-cart elementor-repeater-item-4c7b715 wpr-grid-item-display-block wpr-grid-item-align-left\"><\/div>","protected":false},"excerpt":{"rendered":"<div class=\"wpr-grid-item-excerpt elementor-repeater-item-1a3a425 wpr-grid-item-display-block wpr-grid-item-align-left\">\n<div class=\"inner-block\">\n<p>Les agents Fast Track accueillent personnellement vos passagers \u00e0 l&rsquo;arriv\u00e9e au terminal (ou au terminal au terminal terrestre pour les d\u00e9parts). Ils les assistent pour les formalit\u00e9s d&rsquo;enregistrement, les bagages et les accompagnent jusqu&rsquo;\u00e0 la sortie de l&rsquo;a\u00e9roport (ou jusqu&rsquo;\u00e0 la porte d&#8217;embarquement). la sortie de l&rsquo;a\u00e9roport (ou la porte d&#8217;embarquement)<\/p>\n<\/div>\n<\/div>\n<div class=\"wpr-grid-item-add-to-cart elementor-repeater-item-4c7b715 wpr-grid-item-display-block wpr-grid-item-align-left\"><\/div>","protected":false},"featured_media":23343,"comment_status":"open","ping_status":"closed","template":"","meta":{"_acf_changed":false,"_monsterinsights_skip_tracking":false,"_monsterinsights_sitenote_active":false,"_monsterinsights_sitenote_note":"","_monsterinsights_sitenote_category":0,"_glsr_average":0,"_glsr_ranking":0,"_glsr_reviews":0},"product_brand":[],"product_cat":[196],"product_tag":[],"class_list":{"0":"post-19286","1":"product","2":"type-product","3":"status-publish","4":"has-post-thumbnail","6":"product_cat-rabat","8":"first","9":"instock","10":"shipping-taxable","11":"purchasable","12":"product-type-simple"},"acf":[],"_links":{"self":[{"href":"https:\/\/www.billystays.com\/en\/wp-json\/wp\/v2\/product\/19286","targetHints":{"allow":["GET"]}}],"collection":[{"href":"https:\/\/www.billystays.com\/en\/wp-json\/wp\/v2\/product"}],"about":[{"href":"https:\/\/www.billystays.com\/en\/wp-json\/wp\/v2\/types\/product"}],"replies":[{"embeddable":true,"href":"https:\/\/www.billystays.com\/en\/wp-json\/wp\/v2\/comments?post=19286"}],"wp:featuredmedia":[{"embeddable":true,"href":"https:\/\/www.billystays.com\/en\/wp-json\/wp\/v2\/media\/23343"}],"wp:attachment":[{"href":"https:\/\/www.billystays.com\/en\/wp-json\/wp\/v2\/media?parent=19286"}],"wp:term":[{"taxonomy":"product_brand","embeddable":true,"href":"https:\/\/www.billystays.com\/en\/wp-json\/wp\/v2\/product_brand?post=19286"},{"taxonomy":"product_cat","embeddable":true,"href":"https:\/\/www.billystays.com\/en\/wp-json\/wp\/v2\/product_cat?post=19286"},{"taxonomy":"product_tag","embeddable":true,"href":"https:\/\/www.billystays.com\/en\/wp-json\/wp\/v2\/product_tag?post=19286"}],"curies":[{"name":"wp","href":"https:\/\/api.w.org\/{rel}","templated":true}]}}