
    {"id":18559,"date":"2025-01-10T21:03:30","date_gmt":"2025-01-10T20:03:30","guid":{"rendered":"https:\/\/www.billystays.com\/?post_type=product&#038;p=18559"},"modified":"2025-04-18T00:21:29","modified_gmt":"2025-04-17T23:21:29","slug":"fast-track-casablanca","status":"publish","type":"product","link":"https:\/\/www.billystays.com\/en\/product\/fast-track-casablanca\/","title":{"rendered":"Fast Track without accompaniment"},"content":{"rendered":"<div class=\"wpr-grid-item-excerpt elementor-repeater-item-1a3a425 wpr-grid-item-display-block wpr-grid-item-align-left\">\n<div class=\"inner-block\">\n<p>Il s&rsquo;agit d&rsquo;un service sans assistance dans le cadre duquel les passagers re\u00e7oivent un bon leur permettant d&rsquo;acc\u00e9der aux installations Fast Track pour un passage acc\u00e9l\u00e9r\u00e9 de la s\u00e9curit\u00e9, de l&rsquo;immigration et d&rsquo;autres formalit\u00e9s a\u00e9roportuaires.<\/p>\n<\/div>\n<\/div>\n<div class=\"wpr-grid-item-add-to-cart elementor-repeater-item-4c7b715 wpr-grid-item-display-block wpr-grid-item-align-left\"><\/div>","protected":false},"excerpt":{"rendered":"<div class=\"wpr-grid-item-excerpt elementor-repeater-item-1a3a425 wpr-grid-item-display-block wpr-grid-item-align-left\">\n<div class=\"inner-block\">\n<p>Il s&rsquo;agit d&rsquo;un service sans assistance dans le cadre duquel les passagers re\u00e7oivent un bon leur permettant d&rsquo;acc\u00e9der aux installations Fast Track pour un passage acc\u00e9l\u00e9r\u00e9 de la s\u00e9curit\u00e9, de l&rsquo;immigration et d&rsquo;autres formalit\u00e9s a\u00e9roportuaires.<\/p>\n<\/div>\n<\/div>\n<div class=\"wpr-grid-item-add-to-cart elementor-repeater-item-4c7b715 wpr-grid-item-display-block wpr-grid-item-align-left\"><\/div>","protected":false},"featured_media":23344,"comment_status":"open","ping_status":"closed","template":"","meta":{"_acf_changed":false,"_monsterinsights_skip_tracking":false,"_monsterinsights_sitenote_active":false,"_monsterinsights_sitenote_note":"","_monsterinsights_sitenote_category":0,"_glsr_average":0,"_glsr_ranking":0,"_glsr_reviews":0},"product_brand":[],"product_cat":[194],"product_tag":[],"class_list":{"0":"post-18559","1":"product","2":"type-product","3":"status-publish","4":"has-post-thumbnail","6":"product_cat-casablanca","8":"first","9":"instock","10":"shipping-taxable","11":"purchasable","12":"product-type-simple"},"acf":[],"_links":{"self":[{"href":"https:\/\/www.billystays.com\/en\/wp-json\/wp\/v2\/product\/18559","targetHints":{"allow":["GET"]}}],"collection":[{"href":"https:\/\/www.billystays.com\/en\/wp-json\/wp\/v2\/product"}],"about":[{"href":"https:\/\/www.billystays.com\/en\/wp-json\/wp\/v2\/types\/product"}],"replies":[{"embeddable":true,"href":"https:\/\/www.billystays.com\/en\/wp-json\/wp\/v2\/comments?post=18559"}],"wp:featuredmedia":[{"embeddable":true,"href":"https:\/\/www.billystays.com\/en\/wp-json\/wp\/v2\/media\/23344"}],"wp:attachment":[{"href":"https:\/\/www.billystays.com\/en\/wp-json\/wp\/v2\/media?parent=18559"}],"wp:term":[{"taxonomy":"product_brand","embeddable":true,"href":"https:\/\/www.billystays.com\/en\/wp-json\/wp\/v2\/product_brand?post=18559"},{"taxonomy":"product_cat","embeddable":true,"href":"https:\/\/www.billystays.com\/en\/wp-json\/wp\/v2\/product_cat?post=18559"},{"taxonomy":"product_tag","embeddable":true,"href":"https:\/\/www.billystays.com\/en\/wp-json\/wp\/v2\/product_tag?post=18559"}],"curies":[{"name":"wp","href":"https:\/\/api.w.org\/{rel}","templated":true}]}}