
    {"id":22669,"date":"2025-03-23T00:11:08","date_gmt":"2025-03-23T00:11:08","guid":{"rendered":"https:\/\/www.billystays.com\/?page_id=22669"},"modified":"2025-04-10T17:24:19","modified_gmt":"2025-04-10T16:24:19","slug":"location-villa-de-luxe-a-marrakech","status":"publish","type":"page","link":"https:\/\/www.billystays.com\/en\/location-villa-de-luxe-a-marrakech\/","title":{"rendered":"Luxury Villa Rental in Marrakech"},"content":{"rendered":"<div data-elementor-type=\"wp-page\" data-elementor-id=\"22669\" class=\"elementor elementor-22669\">\n\t\t\t\t<div class=\"elementor-element elementor-element-0cec2e3 e-con-full e-flex wpr-particle-no wpr-jarallax-no wpr-parallax-no wpr-sticky-section-no e-con e-parent\" data-id=\"0cec2e3\" data-element_type=\"container\" data-e-type=\"container\">\n\t\t\t\t<div class=\"elementor-element elementor-element-8bfafae imag_caroussel elementor-arrows-position-inside elementor-widget elementor-widget-image-carousel\" data-id=\"8bfafae\" data-element_type=\"widget\" data-e-type=\"widget\" data-settings=\"{&quot;slides_to_show&quot;:&quot;1&quot;,&quot;navigation&quot;:&quot;arrows&quot;,&quot;autoplay&quot;:&quot;yes&quot;,&quot;pause_on_hover&quot;:&quot;yes&quot;,&quot;pause_on_interaction&quot;:&quot;yes&quot;,&quot;autoplay_speed&quot;:5000,&quot;infinite&quot;:&quot;yes&quot;,&quot;effect&quot;:&quot;slide&quot;,&quot;speed&quot;:500}\" data-widget_type=\"image-carousel.default\">\n\t\t\t\t<div class=\"elementor-widget-container\">\n\t\t\t\t\t\t\t<div class=\"elementor-image-carousel-wrapper swiper\" role=\"region\" aria-roledescription=\"carousel\" aria-label=\"Carrousel d\u2019images\" dir=\"ltr\">\n\t\t\t<div class=\"elementor-image-carousel swiper-wrapper swiper-image-stretch\" aria-live=\"off\">\n\t\t\t\t\t\t\t\t<div class=\"swiper-slide\" role=\"group\" aria-roledescription=\"slide\" aria-label=\"1 sur 3\"><figure class=\"swiper-slide-inner\"><img decoding=\"async\" class=\"swiper-slide-image\" src=\"https:\/\/www.billystays.com\/wp-content\/uploads\/2024\/11\/FD5A5205-HDR.webp\" alt=\"Villa Harmonie\" title=\"\"><\/figure><\/div><div class=\"swiper-slide\" role=\"group\" aria-roledescription=\"slide\" aria-label=\"2 sur 3\"><figure class=\"swiper-slide-inner\"><img decoding=\"async\" class=\"swiper-slide-image\" src=\"https:\/\/www.billystays.com\/wp-content\/uploads\/2025\/03\/Screenshot_4-39.webp\" alt=\"Screenshot_4\" title=\"\"><\/figure><\/div><div class=\"swiper-slide\" role=\"group\" aria-roledescription=\"slide\" aria-label=\"3 sur 3\"><figure class=\"swiper-slide-inner\"><img decoding=\"async\" class=\"swiper-slide-image\" src=\"https:\/\/www.billystays.com\/wp-content\/uploads\/2025\/03\/Screenshot_4-38.webp\" alt=\"Screenshot_4\" title=\"\"><\/figure><\/div>\t\t\t<\/div>\n\t\t\t\t\t\t\t\t\t\t\t\t<div class=\"elementor-swiper-button elementor-swiper-button-prev\" role=\"button\" tabindex=\"0\">\n\t\t\t\t\t\t<i aria-hidden=\"true\" class=\"eicon-chevron-left\"><\/i>\t\t\t\t\t<\/div>\n\t\t\t\t\t<div class=\"elementor-swiper-button elementor-swiper-button-next\" role=\"button\" tabindex=\"0\">\n\t\t\t\t\t\t<i aria-hidden=\"true\" class=\"eicon-chevron-right\"><\/i>\t\t\t\t\t<\/div>\n\t\t\t\t\n\t\t\t\t\t\t\t\t\t<\/div>\n\t\t\t\t\t\t<\/div>\n\t\t\t\t<\/div>\n\t\t\t\t<div class=\"elementor-element elementor-element-6c3cc93 h1_absol elementor-widget elementor-widget-heading\" data-id=\"6c3cc93\" data-element_type=\"widget\" data-e-type=\"widget\" data-widget_type=\"heading.default\">\n\t\t\t\t<div class=\"elementor-widget-container\">\n\t\t\t\t\t<h2 class=\"elementor-heading-title elementor-size-default\">Luxury Villa Rental <\/h2>\t\t\t\t<\/div>\n\t\t\t\t<\/div>\n\t\t\t\t<\/div>\n\t\t<div class=\"elementor-element elementor-element-307881b e-flex e-con-boxed wpr-particle-no wpr-jarallax-no wpr-parallax-no wpr-sticky-section-no e-con e-parent\" data-id=\"307881b\" data-element_type=\"container\" data-e-type=\"container\">\n\t\t\t\t\t<div class=\"e-con-inner\">\n\t\t<div class=\"elementor-element elementor-element-16086a0 e-con-full e-flex wpr-particle-no wpr-jarallax-no wpr-parallax-no wpr-sticky-section-no e-con e-child\" data-id=\"16086a0\" data-element_type=\"container\" data-e-type=\"container\">\n\t\t\t\t<div class=\"elementor-element elementor-element-556a86e elementor-widget elementor-widget-heading\" data-id=\"556a86e\" data-element_type=\"widget\" data-e-type=\"widget\" data-widget_type=\"heading.default\">\n\t\t\t\t<div class=\"elementor-widget-container\">\n\t\t\t\t\t<h1 class=\"elementor-heading-title elementor-size-default\">Luxury Villa Rental in Marrakech<\/h1>\t\t\t\t<\/div>\n\t\t\t\t<\/div>\n\t\t\t\t<div class=\"elementor-element elementor-element-49b0841 elementor-widget elementor-widget-text-editor\" data-id=\"49b0841\" data-element_type=\"widget\" data-e-type=\"widget\" data-widget_type=\"text-editor.default\">\n\t\t\t\t<div class=\"elementor-widget-container\">\n\t\t\t\t\t\t\t\t\tOpt for a luxury villa rental in Marrakech with Billy Stays and enjoy top-of-the-range accommodation in the heart of this enchanting destination. Our properties combine Moroccan charm with contemporary comfort, ideal for dream vacations or special events. Book today and treat yourself to an exceptional experience.\t\t\t\t\t\t\t\t<\/div>\n\t\t\t\t<\/div>\n\t\t\t\t<\/div>\n\t\t<div class=\"elementor-element elementor-element-193c880 e-con-full e-flex wpr-particle-no wpr-jarallax-no wpr-parallax-no wpr-sticky-section-no e-con e-child\" data-id=\"193c880\" data-element_type=\"container\" data-e-type=\"container\" data-settings=\"{&quot;background_background&quot;:&quot;classic&quot;}\">\n\t\t\t\t<\/div>\n\t\t\t\t\t<\/div>\n\t\t\t\t<\/div>\n\t\t<div class=\"elementor-element elementor-element-c9be9b1 e-con-full e-flex wpr-particle-no wpr-jarallax-no wpr-parallax-no wpr-sticky-section-no e-con e-parent\" data-id=\"c9be9b1\" data-element_type=\"container\" data-e-type=\"container\">\n\t\t\t\t<div class=\"elementor-element elementor-element-f0316d9 slider_repas elementor-widget elementor-widget-sina_banner_slider\" data-id=\"f0316d9\" data-element_type=\"widget\" data-e-type=\"widget\" data-widget_type=\"sina_banner_slider.default\">\n\t\t\t\t<div class=\"elementor-widget-container\">\n\t\t\t\t\t\t\t<div class=\"sina-banner-slider owl-carousel\"\r\n\t\tdata-autoplay=\"yes\"\r\n\t\tdata-pause=\"yes\"\r\n\t\tdata-nav=\"yes\"\r\n\t\tdata-dots=\"yes\"\r\n\t\tdata-mouse-drag=\"yes\"\r\n\t\tdata-touch-drag=\"yes\"\r\n\t\tdata-loop=\"yes\"\r\n\t\tdata-speed=\"\"\r\n\t\tdata-part-anim=\"yes\"\r\n\t\tdata-delay=\"5000\">\r\n\r\n\t\t\t\t\t\t\t<div class=\"sina-slider-content sina-bg-cover\" style=\"background-image: url(https:\/\/www.billystays.com\/wp-content\/uploads\/2025\/03\/Screenshot_5-37.webp);\">\r\n\t\t\t\t\t\t\t\t\t\t\t<div class=\"sina-overlay\"><\/div>\r\n\t\t\t\t\t\r\n\t\t\t\t\t<div class=\"sina-banner-container elementor-repeater-item-edad1e5\">\r\n\r\n\t\t\t\t\t\t\t\t\t\t\t\t\t\t\t\t\t\t\t\t<h2 class=\"sina-banner-title sina-anim-invisible\" data-animation=\"animated fadeInLeft\">Villa rental in Marrakech Long and short term<\/h2>\t\t\t\t\t\t\r\n\t\t\t\t\t\t\r\n\t\t\t\t\t\t\t\t\t\t\t\t\t<div class=\"sina-banner-desc sina-anim-invisible\" data-animation=\"animated fadeInUp\">Whether you're planning a weekend away or an extended stay, Billy Stays offers flexible villa rentals in Marrakech to suit your needs. Enjoy luxury accommodation with all the comforts you need to feel at home, wherever you are in the city.<\/div>\t\t\t\t\t\t\r\n\t\t\t\t\t\t\t\t\t\t\t<\/div>\r\n\t\t\t\t<\/div>\r\n\t\t\t\t\t\t\t<div class=\"sina-slider-content sina-bg-cover\" style=\"background-image: url(https:\/\/www.billystays.com\/wp-content\/uploads\/2024\/11\/FD5A5205-HDR.webp);\">\r\n\t\t\t\t\t\t\t\t\t\t\t<div class=\"sina-overlay\"><\/div>\r\n\t\t\t\t\t\r\n\t\t\t\t\t<div class=\"sina-banner-container elementor-repeater-item-0470b94\">\r\n\r\n\t\t\t\t\t\t\t\t\t\t\t\t\t\t\t\t\t\t\t\t<h2 class=\"sina-banner-title sina-anim-invisible\" data-animation=\"animated fadeInLeft\">Villa Rental in Marrakech with Cooker and other Services<\/h2>\t\t\t\t\t\t\r\n\t\t\t\t\t\t\r\n\t\t\t\t\t\t\t\t\t\t\t\t\t<div class=\"sina-banner-desc sina-anim-invisible\" data-animation=\"animated fadeInUp\">Simplify your vacation with our villas equipped with bespoke services, such as a private stove for tasty Moroccan meals, daily maid service or a dedicated concierge. Book a villa in Marrakech with Billy Stays and let us turn your stay into an exceptional experience.<\/div>\t\t\t\t\t\t\r\n\t\t\t\t\t\t\t\t\t\t\t<\/div>\r\n\t\t\t\t<\/div>\r\n\t\t\t\t\t<\/div><!-- .sina-banner-slider -->\r\n\t\t\t\t\t\t<\/div>\n\t\t\t\t<\/div>\n\t\t\t\t<\/div>\n\t\t<div class=\"elementor-element elementor-element-12533b8 e-flex e-con-boxed wpr-particle-no wpr-jarallax-no wpr-parallax-no wpr-sticky-section-no e-con e-parent\" data-id=\"12533b8\" data-element_type=\"container\" data-e-type=\"container\" data-settings=\"{&quot;background_background&quot;:&quot;classic&quot;}\">\n\t\t\t\t\t<div class=\"e-con-inner\">\n\t\t<div class=\"elementor-element elementor-element-6a922e4 e-con-full e-flex wpr-particle-no wpr-jarallax-no wpr-parallax-no wpr-sticky-section-no elementor-invisible e-con e-child\" data-id=\"6a922e4\" data-element_type=\"container\" data-e-type=\"container\" data-settings=\"{&quot;animation&quot;:&quot;fadeInLeft&quot;}\">\n\t\t\t\t<div class=\"elementor-element elementor-element-f233dfa text_center elementor-widget elementor-widget-counter\" data-id=\"f233dfa\" data-element_type=\"widget\" data-e-type=\"widget\" data-widget_type=\"counter.default\">\n\t\t\t\t<div class=\"elementor-widget-container\">\n\t\t\t\t\t<div class=\"elementor-box\" style=\"display: block;\">\r\n    \r\n    <div class=\"elementor-counter\">\r\n        <div class=\"elementor-counter-number-wrapper\">\r\n                        <span class=\"elementor-counter-number\" data-duration=\"2000\" data-to-value=\"99\" data-from-value=\"0\">\r\n                0            <\/span>\r\n                            <span class=\"elementor-counter-number-suffix\">+<\/span>\r\n                    <\/div>\r\n                    <div class=\"elementor-counter-title\">partner<\/div>\r\n            <\/div>\r\n<\/div>\t\t\t\t<\/div>\n\t\t\t\t<\/div>\n\t\t\t\t<\/div>\n\t\t<div class=\"elementor-element elementor-element-db8cf65 e-con-full e-flex wpr-particle-no wpr-jarallax-no wpr-parallax-no wpr-sticky-section-no elementor-invisible e-con e-child\" data-id=\"db8cf65\" data-element_type=\"container\" data-e-type=\"container\" data-settings=\"{&quot;animation&quot;:&quot;fadeInDown&quot;,&quot;animation_delay&quot;:200}\">\n\t\t\t\t<div class=\"elementor-element elementor-element-a6e6cc2 text_center elementor-widget elementor-widget-counter\" data-id=\"a6e6cc2\" data-element_type=\"widget\" data-e-type=\"widget\" data-widget_type=\"counter.default\">\n\t\t\t\t<div class=\"elementor-widget-container\">\n\t\t\t\t\t<div class=\"elementor-box\" style=\"display: block;\">\r\n    \r\n    <div class=\"elementor-counter\">\r\n        <div class=\"elementor-counter-number-wrapper\">\r\n                        <span class=\"elementor-counter-number\" data-duration=\"2000\" data-to-value=\"2\" data-from-value=\"0\">\r\n                0            <\/span>\r\n                            <span class=\"elementor-counter-number-suffix\">k+<\/span>\r\n                    <\/div>\r\n                    <div class=\"elementor-counter-title\">properties<\/div>\r\n            <\/div>\r\n<\/div>\t\t\t\t<\/div>\n\t\t\t\t<\/div>\n\t\t\t\t<\/div>\n\t\t<div class=\"elementor-element elementor-element-ced79d2 e-con-full e-flex wpr-particle-no wpr-jarallax-no wpr-parallax-no wpr-sticky-section-no elementor-invisible e-con e-child\" data-id=\"ced79d2\" data-element_type=\"container\" data-e-type=\"container\" data-settings=\"{&quot;animation&quot;:&quot;fadeInDown&quot;,&quot;animation_delay&quot;:300}\">\n\t\t\t\t<div class=\"elementor-element elementor-element-b4655e4 text_center elementor-widget elementor-widget-counter\" data-id=\"b4655e4\" data-element_type=\"widget\" data-e-type=\"widget\" data-widget_type=\"counter.default\">\n\t\t\t\t<div class=\"elementor-widget-container\">\n\t\t\t\t\t<div class=\"elementor-box\" style=\"display: block;\">\r\n    \r\n    <div class=\"elementor-counter\">\r\n        <div class=\"elementor-counter-number-wrapper\">\r\n                        <span class=\"elementor-counter-number\" data-duration=\"2000\" data-to-value=\"300\" data-from-value=\"0\">\r\n                0            <\/span>\r\n                            <span class=\"elementor-counter-number-suffix\">+<\/span>\r\n                    <\/div>\r\n                    <div class=\"elementor-counter-title\">destinations<\/div>\r\n            <\/div>\r\n<\/div>\t\t\t\t<\/div>\n\t\t\t\t<\/div>\n\t\t\t\t<\/div>\n\t\t<div class=\"elementor-element elementor-element-f5a4d0f e-con-full e-flex wpr-particle-no wpr-jarallax-no wpr-parallax-no wpr-sticky-section-no elementor-invisible e-con e-child\" data-id=\"f5a4d0f\" data-element_type=\"container\" data-e-type=\"container\" data-settings=\"{&quot;animation&quot;:&quot;fadeInRight&quot;}\">\n\t\t\t\t<div class=\"elementor-element elementor-element-1e54f99 text_center elementor-widget elementor-widget-counter\" data-id=\"1e54f99\" data-element_type=\"widget\" data-e-type=\"widget\" data-widget_type=\"counter.default\">\n\t\t\t\t<div class=\"elementor-widget-container\">\n\t\t\t\t\t<div class=\"elementor-box\" style=\"display: block;\">\r\n    \r\n    <div class=\"elementor-counter\">\r\n        <div class=\"elementor-counter-number-wrapper\">\r\n                        <span class=\"elementor-counter-number\" data-duration=\"2000\" data-to-value=\"40\" data-from-value=\"0\">\r\n                0            <\/span>\r\n                            <span class=\"elementor-counter-number-suffix\">k+<\/span>\r\n                    <\/div>\r\n                    <div class=\"elementor-counter-title\">booking<\/div>\r\n            <\/div>\r\n<\/div>\t\t\t\t<\/div>\n\t\t\t\t<\/div>\n\t\t\t\t<\/div>\n\t\t\t\t\t<\/div>\n\t\t\t\t<\/div>\n\t\t\t\t<\/div>","protected":false},"excerpt":{"rendered":"<p>Location Villa de Luxe Location Villa de Luxe \u00e0 Marrakech Optez pour une location de villa de luxe \u00e0 Marrakech avec Billy Stays et profitez d\u2019un h\u00e9bergement haut de gamme au c\u0153ur de cette destination envo\u00fbtante. Nos propri\u00e9t\u00e9s allient charme marocain et confort contemporain, id\u00e9ales pour des vacances de r\u00eave ou des \u00e9v\u00e9nements sp\u00e9ciaux. R\u00e9servez d\u00e8s aujourd\u2019hui et offrez-vous une exp\u00e9rience exceptionnelle. Location Villa \u00e0 Marrakech Long et Courte dur\u00e9e Que vous planifiez un week-end ou un s\u00e9jour prolong\u00e9, Billy Stays propose des locations de villas \u00e0 Marrakech flexibles et adapt\u00e9es \u00e0 vos besoins. Profitez d\u2019un h\u00e9bergement de luxe avec tout le confort n\u00e9cessaire pour vous sentir chez vous, o\u00f9 que vous soyez dans la ville. Location Villa \u00e0 Marrakech avec Cuisini\u00e8re et autres Services Simplifiez vos vacances avec nos villas \u00e9quip\u00e9es de services sur mesure, comme une cuisini\u00e8re priv\u00e9e pour des repas marocains savoureux, un service de m\u00e9nage quotidien ou une conciergerie d\u00e9di\u00e9e. R\u00e9servez une villa \u00e0 Marrakech avec Billy Stays et laissez-nous transformer votre s\u00e9jour en un moment d\u2019exception. 0 + partner 0 k+ properties 0 + destinations 0 k+ booking<\/p>","protected":false},"author":95,"featured_media":0,"parent":0,"menu_order":0,"comment_status":"closed","ping_status":"closed","template":"elementor_header_footer","meta":{"_acf_changed":false,"_monsterinsights_skip_tracking":false,"_monsterinsights_sitenote_active":false,"_monsterinsights_sitenote_note":"","_monsterinsights_sitenote_category":0,"_glsr_average":0,"_glsr_ranking":0,"_glsr_reviews":0,"footnotes":""},"class_list":["post-22669","page","type-page","status-publish","has-post-thumbnail","hentry"],"acf":[],"_links":{"self":[{"href":"https:\/\/www.billystays.com\/en\/wp-json\/wp\/v2\/pages\/22669","targetHints":{"allow":["GET"]}}],"collection":[{"href":"https:\/\/www.billystays.com\/en\/wp-json\/wp\/v2\/pages"}],"about":[{"href":"https:\/\/www.billystays.com\/en\/wp-json\/wp\/v2\/types\/page"}],"author":[{"embeddable":true,"href":"https:\/\/www.billystays.com\/en\/wp-json\/wp\/v2\/users\/95"}],"replies":[{"embeddable":true,"href":"https:\/\/www.billystays.com\/en\/wp-json\/wp\/v2\/comments?post=22669"}],"version-history":[{"count":0,"href":"https:\/\/www.billystays.com\/en\/wp-json\/wp\/v2\/pages\/22669\/revisions"}],"wp:attachment":[{"href":"https:\/\/www.billystays.com\/en\/wp-json\/wp\/v2\/media?parent=22669"}],"curies":[{"name":"wp","href":"https:\/\/api.w.org\/{rel}","templated":true}]}}