
    {"id":14440,"date":"2024-11-19T14:32:53","date_gmt":"2024-11-19T13:32:53","guid":{"rendered":"https:\/\/www.billystays.com\/?page_id=14440"},"modified":"2025-05-13T16:29:14","modified_gmt":"2025-05-13T15:29:14","slug":"destination","status":"publish","type":"page","link":"https:\/\/www.billystays.com\/en\/destination\/","title":{"rendered":"Destination"},"content":{"rendered":"<div data-elementor-type=\"wp-page\" data-elementor-id=\"14440\" class=\"elementor elementor-14440\">\n\t\t\t\t<div class=\"elementor-element elementor-element-359c3a5 e-flex e-con-boxed wpr-particle-no wpr-jarallax-no wpr-parallax-no wpr-sticky-section-no e-con e-parent\" data-id=\"359c3a5\" data-element_type=\"container\" data-e-type=\"container\">\n\t\t\t\t\t<div class=\"e-con-inner\">\n\t\t<div class=\"elementor-element elementor-element-041d7ee e-con-full e-flex wpr-particle-no wpr-jarallax-no wpr-parallax-no wpr-sticky-section-no e-con e-child\" data-id=\"041d7ee\" data-element_type=\"container\" data-e-type=\"container\">\n\t\t<div class=\"elementor-element elementor-element-ee810e5 e-con-full e-flex wpr-particle-no wpr-jarallax-no wpr-parallax-no wpr-sticky-section-no e-con e-child\" data-id=\"ee810e5\" data-element_type=\"container\" data-e-type=\"container\">\n\t\t\t\t<div class=\"elementor-element elementor-element-8182850 elementor-widget elementor-widget-image\" data-id=\"8182850\" data-element_type=\"widget\" data-e-type=\"widget\" data-widget_type=\"image.default\">\n\t\t\t\t<div class=\"elementor-widget-container\">\n\t\t\t\t\t\t\t\t\t\t\t\t\t\t\t<img fetchpriority=\"high\" decoding=\"async\" width=\"700\" height=\"525\" src=\"https:\/\/www.billystays.com\/wp-content\/uploads\/2025\/01\/87929344.jpg\" class=\"attachment-full size-full wp-image-18180\" alt=\"\" srcset=\"https:\/\/www.billystays.com\/wp-content\/uploads\/2025\/01\/87929344.jpg 700w, https:\/\/www.billystays.com\/wp-content\/uploads\/2025\/01\/87929344-768x576.jpg 768w, https:\/\/www.billystays.com\/wp-content\/uploads\/2025\/01\/87929344-600x450.jpg 600w\" sizes=\"(max-width: 700px) 100vw, 700px\" title=\"\">\t\t\t\t\t\t\t\t\t\t\t\t\t\t\t<\/div>\n\t\t\t\t<\/div>\n\t\t\t\t<\/div>\n\t\t<div class=\"elementor-element elementor-element-21015e9 e-con-full e-flex wpr-particle-no wpr-jarallax-no wpr-parallax-no wpr-sticky-section-no e-con e-child\" data-id=\"21015e9\" data-element_type=\"container\" data-e-type=\"container\">\n\t\t\t\t<div class=\"elementor-element elementor-element-8e30177 page_destination_title elementor-widget elementor-widget-heading\" data-id=\"8e30177\" data-element_type=\"widget\" data-e-type=\"widget\" data-widget_type=\"heading.default\">\n\t\t\t\t<div class=\"elementor-widget-container\">\n\t\t\t\t\t<h3 class=\"elementor-heading-title elementor-size-default\">Marrakech<\/h3>\t\t\t\t<\/div>\n\t\t\t\t<\/div>\n\t\t\t\t<div class=\"elementor-element elementor-element-ee4ac6a page_destination_text2 elementor-widget elementor-widget-text-editor\" data-id=\"ee4ac6a\" data-element_type=\"widget\" data-e-type=\"widget\" data-widget_type=\"text-editor.default\">\n\t\t\t\t<div class=\"elementor-widget-container\">\n\t\t\t\t\t\t\t\t\t<p>Explore Marrakech, a city where history blends with modernity, offering an unforgettable adventure between its bustling souks, majestic palaces and lush gardens.\u00a0<\/p>\t\t\t\t\t\t\t\t<\/div>\n\t\t\t\t<\/div>\n\t\t\t\t<div class=\"elementor-element elementor-element-150470e elementor-widget elementor-widget-button\" data-id=\"150470e\" data-element_type=\"widget\" data-e-type=\"widget\" data-widget_type=\"button.default\">\n\t\t\t\t<div class=\"elementor-widget-container\">\n\t\t\t\t\t\t\t\t\t<div class=\"elementor-button-wrapper\">\n\t\t\t\t\t<a class=\"elementor-button elementor-button-link elementor-size-sm\" href=\"https:\/\/www.billystays.com\/destination\/marrakech-2\/\">\n\t\t\t\t\t\t<span class=\"elementor-button-content-wrapper\">\n\t\t\t\t\t\t\t\t\t<span class=\"elementor-button-text\">See more<\/span>\n\t\t\t\t\t<\/span>\n\t\t\t\t\t<\/a>\n\t\t\t\t<\/div>\n\t\t\t\t\t\t\t\t<\/div>\n\t\t\t\t<\/div>\n\t\t\t\t<\/div>\n\t\t\t\t<\/div>\n\t\t<div class=\"elementor-element elementor-element-ffdc95e e-con-full e-flex wpr-particle-no wpr-jarallax-no wpr-parallax-no wpr-sticky-section-no e-con e-child\" data-id=\"ffdc95e\" data-element_type=\"container\" data-e-type=\"container\">\n\t\t<div class=\"elementor-element elementor-element-a1ae7b1 e-con-full e-flex wpr-particle-no wpr-jarallax-no wpr-parallax-no wpr-sticky-section-no e-con e-child\" data-id=\"a1ae7b1\" data-element_type=\"container\" data-e-type=\"container\">\n\t\t\t\t<div class=\"elementor-element elementor-element-79f9d47 elementor-widget elementor-widget-image\" data-id=\"79f9d47\" data-element_type=\"widget\" data-e-type=\"widget\" data-widget_type=\"image.default\">\n\t\t\t\t<div class=\"elementor-widget-container\">\n\t\t\t\t\t\t\t\t\t\t\t\t\t\t\t<img decoding=\"async\" width=\"1180\" height=\"560\" src=\"https:\/\/www.billystays.com\/wp-content\/uploads\/2025\/05\/mykonoss.webp\" class=\"attachment-full size-full wp-image-24025\" alt=\"Mykonos\" srcset=\"https:\/\/www.billystays.com\/wp-content\/uploads\/2025\/05\/mykonoss.webp 1180w, https:\/\/www.billystays.com\/wp-content\/uploads\/2025\/05\/mykonoss-768x364.webp 768w, https:\/\/www.billystays.com\/wp-content\/uploads\/2025\/05\/mykonoss-600x284.webp 600w\" sizes=\"(max-width: 1180px) 100vw, 1180px\" title=\"\">\t\t\t\t\t\t\t\t\t\t\t\t\t\t\t<\/div>\n\t\t\t\t<\/div>\n\t\t\t\t<\/div>\n\t\t<div class=\"elementor-element elementor-element-c104cc6 e-con-full e-flex wpr-particle-no wpr-jarallax-no wpr-parallax-no wpr-sticky-section-no e-con e-child\" data-id=\"c104cc6\" data-element_type=\"container\" data-e-type=\"container\">\n\t\t\t\t<div class=\"elementor-element elementor-element-20940b6 page_destination_title elementor-widget elementor-widget-heading\" data-id=\"20940b6\" data-element_type=\"widget\" data-e-type=\"widget\" data-widget_type=\"heading.default\">\n\t\t\t\t<div class=\"elementor-widget-container\">\n\t\t\t\t\t<h3 class=\"elementor-heading-title elementor-size-default\">Mykonos<\/h3>\t\t\t\t<\/div>\n\t\t\t\t<\/div>\n\t\t\t\t<div class=\"elementor-element elementor-element-f0a7862 page_destination_text2 elementor-widget elementor-widget-text-editor\" data-id=\"f0a7862\" data-element_type=\"widget\" data-e-type=\"widget\" data-widget_type=\"text-editor.default\">\n\t\t\t\t<div class=\"elementor-widget-container\">\n\t\t\t\t\t\t\t\t\t<p>Discover Mykonos, an emblematic island of the Cyclades, where golden beaches, whitewashed houses and vibrant nightlife combine to offer an unforgettable experience under the Aegean sun.<\/p>\t\t\t\t\t\t\t\t<\/div>\n\t\t\t\t<\/div>\n\t\t\t\t<div class=\"elementor-element elementor-element-b4a112c elementor-widget elementor-widget-button\" data-id=\"b4a112c\" data-element_type=\"widget\" data-e-type=\"widget\" data-widget_type=\"button.default\">\n\t\t\t\t<div class=\"elementor-widget-container\">\n\t\t\t\t\t\t\t\t\t<div class=\"elementor-button-wrapper\">\n\t\t\t\t\t<a class=\"elementor-button elementor-button-link elementor-size-sm\" href=\"https:\/\/www.billystays.com\/destination\/mykonos\/\">\n\t\t\t\t\t\t<span class=\"elementor-button-content-wrapper\">\n\t\t\t\t\t\t\t\t\t<span class=\"elementor-button-text\">See more<\/span>\n\t\t\t\t\t<\/span>\n\t\t\t\t\t<\/a>\n\t\t\t\t<\/div>\n\t\t\t\t\t\t\t\t<\/div>\n\t\t\t\t<\/div>\n\t\t\t\t<\/div>\n\t\t\t\t<\/div>\n\t\t<div class=\"elementor-element elementor-element-6fd9261 e-con-full e-flex wpr-particle-no wpr-jarallax-no wpr-parallax-no wpr-sticky-section-no e-con e-child\" data-id=\"6fd9261\" data-element_type=\"container\" data-e-type=\"container\">\n\t\t<div class=\"elementor-element elementor-element-2ea62fe e-con-full e-flex wpr-particle-no wpr-jarallax-no wpr-parallax-no wpr-sticky-section-no e-con e-child\" data-id=\"2ea62fe\" data-element_type=\"container\" data-e-type=\"container\">\n\t\t\t\t<div class=\"elementor-element elementor-element-e197070 elementor-widget elementor-widget-image\" data-id=\"e197070\" data-element_type=\"widget\" data-e-type=\"widget\" data-widget_type=\"image.default\">\n\t\t\t\t<div class=\"elementor-widget-container\">\n\t\t\t\t\t\t\t\t\t\t\t\t\t\t\t<img decoding=\"async\" width=\"1002\" height=\"669\" src=\"https:\/\/www.billystays.com\/wp-content\/uploads\/2025\/05\/amlfi-coast.webp\" class=\"attachment-full size-full wp-image-24024\" alt=\"Amalfii coast\" srcset=\"https:\/\/www.billystays.com\/wp-content\/uploads\/2025\/05\/amlfi-coast.webp 1002w, https:\/\/www.billystays.com\/wp-content\/uploads\/2025\/05\/amlfi-coast-768x512.webp 768w, https:\/\/www.billystays.com\/wp-content\/uploads\/2025\/05\/amlfi-coast-18x12.webp 18w, https:\/\/www.billystays.com\/wp-content\/uploads\/2025\/05\/amlfi-coast-600x400.webp 600w\" sizes=\"(max-width: 1002px) 100vw, 1002px\" title=\"\">\t\t\t\t\t\t\t\t\t\t\t\t\t\t\t<\/div>\n\t\t\t\t<\/div>\n\t\t\t\t<\/div>\n\t\t<div class=\"elementor-element elementor-element-0f7f52b e-con-full e-flex wpr-particle-no wpr-jarallax-no wpr-parallax-no wpr-sticky-section-no e-con e-child\" data-id=\"0f7f52b\" data-element_type=\"container\" data-e-type=\"container\">\n\t\t\t\t<div class=\"elementor-element elementor-element-d767094 page_destination_title elementor-widget elementor-widget-heading\" data-id=\"d767094\" data-element_type=\"widget\" data-e-type=\"widget\" data-widget_type=\"heading.default\">\n\t\t\t\t<div class=\"elementor-widget-container\">\n\t\t\t\t\t<h3 class=\"elementor-heading-title elementor-size-default\">Amalfi coast<span style=\"color: var( --e-global-color-primary );text-align: var(--text-align)\"><\/span><\/h3>\t\t\t\t<\/div>\n\t\t\t\t<\/div>\n\t\t\t\t<div class=\"elementor-element elementor-element-c990522 page_destination_text2 elementor-widget elementor-widget-text-editor\" data-id=\"c990522\" data-element_type=\"widget\" data-e-type=\"widget\" data-widget_type=\"text-editor.default\">\n\t\t\t\t<div class=\"elementor-widget-container\">\n\t\t\t\t\t\t\t\t\t<p>Discover the Amalfi Coast, a pearl of the Mediterranean, where majestic cliffs, colorful villages and crystal-clear waters combine to offer an unforgettable escapade of Italian elegance and authenticity.<\/p>\t\t\t\t\t\t\t\t<\/div>\n\t\t\t\t<\/div>\n\t\t\t\t<div class=\"elementor-element elementor-element-9e53850 elementor-widget elementor-widget-button\" data-id=\"9e53850\" data-element_type=\"widget\" data-e-type=\"widget\" data-widget_type=\"button.default\">\n\t\t\t\t<div class=\"elementor-widget-container\">\n\t\t\t\t\t\t\t\t\t<div class=\"elementor-button-wrapper\">\n\t\t\t\t\t<a class=\"elementor-button elementor-button-link elementor-size-sm\" href=\"https:\/\/www.billystays.com\/destination\/amalfi-coast\/\">\n\t\t\t\t\t\t<span class=\"elementor-button-content-wrapper\">\n\t\t\t\t\t\t\t\t\t<span class=\"elementor-button-text\">See more<\/span>\n\t\t\t\t\t<\/span>\n\t\t\t\t\t<\/a>\n\t\t\t\t<\/div>\n\t\t\t\t\t\t\t\t<\/div>\n\t\t\t\t<\/div>\n\t\t\t\t<\/div>\n\t\t\t\t<\/div>\n\t\t\t\t\t<\/div>\n\t\t\t\t<\/div>\n\t\t<div class=\"elementor-element elementor-element-23d7196 e-flex e-con-boxed wpr-particle-no wpr-jarallax-no wpr-parallax-no wpr-sticky-section-no e-con e-parent\" data-id=\"23d7196\" data-element_type=\"container\" data-e-type=\"container\">\n\t\t\t\t\t<div class=\"e-con-inner\">\n\t\t<div class=\"elementor-element elementor-element-e7f6546 e-con-full e-flex wpr-particle-no wpr-jarallax-no wpr-parallax-no wpr-sticky-section-no e-con e-child\" data-id=\"e7f6546\" data-element_type=\"container\" data-e-type=\"container\">\n\t\t<div class=\"elementor-element elementor-element-80d02e8 e-con-full e-flex wpr-particle-no wpr-jarallax-no wpr-parallax-no wpr-sticky-section-no e-con e-child\" data-id=\"80d02e8\" data-element_type=\"container\" data-e-type=\"container\">\n\t\t\t\t<div class=\"elementor-element elementor-element-a885183 elementor-widget elementor-widget-image\" data-id=\"a885183\" data-element_type=\"widget\" data-e-type=\"widget\" data-widget_type=\"image.default\">\n\t\t\t\t<div class=\"elementor-widget-container\">\n\t\t\t\t\t\t\t\t\t\t\t\t\t\t\t<img loading=\"lazy\" decoding=\"async\" width=\"900\" height=\"506\" src=\"https:\/\/www.billystays.com\/wp-content\/uploads\/2025\/05\/ibixa.webp\" class=\"attachment-full size-full wp-image-24026\" alt=\"Ibiiza\" srcset=\"https:\/\/www.billystays.com\/wp-content\/uploads\/2025\/05\/ibixa.webp 900w, https:\/\/www.billystays.com\/wp-content\/uploads\/2025\/05\/ibixa-768x431.webp 768w, https:\/\/www.billystays.com\/wp-content\/uploads\/2025\/05\/ibixa-600x337.webp 600w\" sizes=\"(max-width: 900px) 100vw, 900px\" title=\"\">\t\t\t\t\t\t\t\t\t\t\t\t\t\t\t<\/div>\n\t\t\t\t<\/div>\n\t\t\t\t<\/div>\n\t\t<div class=\"elementor-element elementor-element-2febba1 e-con-full e-flex wpr-particle-no wpr-jarallax-no wpr-parallax-no wpr-sticky-section-no e-con e-child\" data-id=\"2febba1\" data-element_type=\"container\" data-e-type=\"container\">\n\t\t\t\t<div class=\"elementor-element elementor-element-56a501b page_destination_title elementor-widget elementor-widget-heading\" data-id=\"56a501b\" data-element_type=\"widget\" data-e-type=\"widget\" data-widget_type=\"heading.default\">\n\t\t\t\t<div class=\"elementor-widget-container\">\n\t\t\t\t\t<h3 class=\"elementor-heading-title elementor-size-default\">IBIZA<\/h3>\t\t\t\t<\/div>\n\t\t\t\t<\/div>\n\t\t\t\t<div class=\"elementor-element elementor-element-2e52654 page_destination_text2 elementor-widget elementor-widget-text-editor\" data-id=\"2e52654\" data-element_type=\"widget\" data-e-type=\"widget\" data-widget_type=\"text-editor.default\">\n\t\t\t\t<div class=\"elementor-widget-container\">\n\t\t\t\t\t\t\t\t\t<p>Discover Ibiza, the island of celebration and serenity, where heavenly beaches, secluded coves and spectacular sunsets rub shoulders with a world-famous nightlife. Between authentic villages, bohemian markets and renowned clubs, this Balearic gem offers the perfect balance of relaxation, luxury and festivity under the Mediterranean sun.<\/p>\t\t\t\t\t\t\t\t<\/div>\n\t\t\t\t<\/div>\n\t\t\t\t<div class=\"elementor-element elementor-element-f3c072c elementor-widget elementor-widget-button\" data-id=\"f3c072c\" data-element_type=\"widget\" data-e-type=\"widget\" data-widget_type=\"button.default\">\n\t\t\t\t<div class=\"elementor-widget-container\">\n\t\t\t\t\t\t\t\t\t<div class=\"elementor-button-wrapper\">\n\t\t\t\t\t<a class=\"elementor-button elementor-button-link elementor-size-sm\" href=\"https:\/\/www.billystays.com\/destination\/ibiza\/\">\n\t\t\t\t\t\t<span class=\"elementor-button-content-wrapper\">\n\t\t\t\t\t\t\t\t\t<span class=\"elementor-button-text\">See more<\/span>\n\t\t\t\t\t<\/span>\n\t\t\t\t\t<\/a>\n\t\t\t\t<\/div>\n\t\t\t\t\t\t\t\t<\/div>\n\t\t\t\t<\/div>\n\t\t\t\t<\/div>\n\t\t\t\t<\/div>\n\t\t\t\t\t<\/div>\n\t\t\t\t<\/div>\n\t\t\t\t<\/div>","protected":false},"excerpt":{"rendered":"<p>Marrakech Explorez Marrakech, une ville o\u00f9 l&rsquo;histoire se m\u00eale \u00e0 la modernit\u00e9, offrant une aventure inoubliable entre ses souks anim\u00e9s, ses palais majestueux et ses jardins luxuriants.\u00a0 Voir plus Mykonos D\u00e9couvrez Mykonos, une \u00eele embl\u00e9matique des Cyclades, o\u00f9 plages dor\u00e9es, maisons blanchies \u00e0 la chaux et une vie nocturne vibrante se m\u00ealent pour offrir une exp\u00e9rience inoubliable sous le soleil \u00e9g\u00e9en Voir plus Amalfi coast D\u00e9couvrez la C\u00f4te Amalfitaine, une perle de la M\u00e9diterran\u00e9e, o\u00f9 falaises majestueuses, villages color\u00e9s et eaux cristallines se combinent pour offrir une escapade inoubliable entre \u00e9l\u00e9gance et authenticit\u00e9 italienne. Voir plus IBIZA D\u00e9couvrez Ibiza, l\u2019\u00eele de la f\u00eate et de la s\u00e9r\u00e9nit\u00e9, o\u00f9 plages paradisiaques, criques isol\u00e9es et couchers de soleil spectaculaires c\u00f4toient une vie nocturne mondialement c\u00e9l\u00e8bre. Entre villages authentiques, march\u00e9s boh\u00e8mes et clubs de renom, cette perle des Bal\u00e9ares offre un parfait \u00e9quilibre entre d\u00e9tente, luxe et festivit\u00e9 sous le soleil m\u00e9diterran\u00e9en. Voir plus<\/p>","protected":false},"author":95,"featured_media":23098,"parent":0,"menu_order":0,"comment_status":"closed","ping_status":"closed","template":"","meta":{"_acf_changed":false,"_monsterinsights_skip_tracking":false,"_monsterinsights_sitenote_active":false,"_monsterinsights_sitenote_note":"","_monsterinsights_sitenote_category":0,"_glsr_average":0,"_glsr_ranking":0,"_glsr_reviews":0,"footnotes":""},"class_list":["post-14440","page","type-page","status-publish","has-post-thumbnail","hentry"],"acf":[],"_links":{"self":[{"href":"https:\/\/www.billystays.com\/en\/wp-json\/wp\/v2\/pages\/14440","targetHints":{"allow":["GET"]}}],"collection":[{"href":"https:\/\/www.billystays.com\/en\/wp-json\/wp\/v2\/pages"}],"about":[{"href":"https:\/\/www.billystays.com\/en\/wp-json\/wp\/v2\/types\/page"}],"author":[{"embeddable":true,"href":"https:\/\/www.billystays.com\/en\/wp-json\/wp\/v2\/users\/95"}],"replies":[{"embeddable":true,"href":"https:\/\/www.billystays.com\/en\/wp-json\/wp\/v2\/comments?post=14440"}],"version-history":[{"count":0,"href":"https:\/\/www.billystays.com\/en\/wp-json\/wp\/v2\/pages\/14440\/revisions"}],"wp:featuredmedia":[{"embeddable":true,"href":"https:\/\/www.billystays.com\/en\/wp-json\/wp\/v2\/media\/23098"}],"wp:attachment":[{"href":"https:\/\/www.billystays.com\/en\/wp-json\/wp\/v2\/media?parent=14440"}],"curies":[{"name":"wp","href":"https:\/\/api.w.org\/{rel}","templated":true}]}}