
    {"id":11025,"date":"2024-05-22T18:03:24","date_gmt":"2024-05-22T16:03:24","guid":{"rendered":"https:\/\/www.billystays.com\/?page_id=11025"},"modified":"2024-05-22T18:26:30","modified_gmt":"2024-05-22T16:26:30","slug":"confiance-et-securite","status":"publish","type":"page","link":"https:\/\/www.billystays.com\/en\/confiance-et-securite\/","title":{"rendered":"Confidence and security"},"content":{"rendered":"<div data-elementor-type=\"wp-page\" data-elementor-id=\"11025\" class=\"elementor elementor-11025\">\n\t\t\t\t\t\t<section class=\"elementor-section elementor-top-section elementor-element elementor-element-2f13baa elementor-section-boxed elementor-section-height-default elementor-section-height-default wpr-particle-no wpr-jarallax-no wpr-parallax-no wpr-sticky-section-no\" data-id=\"2f13baa\" data-element_type=\"section\" data-e-type=\"section\">\n\t\t\t\t\t\t<div class=\"elementor-container elementor-column-gap-default\">\n\t\t\t\t\t<div class=\"elementor-column elementor-col-100 elementor-top-column elementor-element elementor-element-90193a9\" data-id=\"90193a9\" data-element_type=\"column\" data-e-type=\"column\">\n\t\t\t<div class=\"elementor-widget-wrap elementor-element-populated\">\n\t\t\t\t\t\t<div class=\"elementor-element elementor-element-0ec3698 elementor-widget elementor-widget-heading\" data-id=\"0ec3698\" data-element_type=\"widget\" data-e-type=\"widget\" data-widget_type=\"heading.default\">\n\t\t\t\t<div class=\"elementor-widget-container\">\n\t\t\t\t\t<h1 class=\"elementor-heading-title elementor-size-default\">Confidence and security<\/h1>\t\t\t\t<\/div>\n\t\t\t\t<\/div>\n\t\t\t\t<div class=\"elementor-element elementor-element-a106528 elementor-widget elementor-widget-heading\" data-id=\"a106528\" data-element_type=\"widget\" data-e-type=\"widget\" data-widget_type=\"heading.default\">\n\t\t\t\t<div class=\"elementor-widget-container\">\n\t\t\t\t\t<h2 class=\"elementor-heading-title elementor-size-default\">S'impliquer avec vous, c'est le gage de notre r\u00e9ussite<\/h2>\t\t\t\t<\/div>\n\t\t\t\t<\/div>\n\t\t\t\t<div class=\"elementor-element elementor-element-bb3f38d elementor-widget elementor-widget-text-editor\" data-id=\"bb3f38d\" data-element_type=\"widget\" data-e-type=\"widget\" data-widget_type=\"text-editor.default\">\n\t\t\t\t<div class=\"elementor-widget-container\">\n\t\t\t\t\t\t\t\t\t<p style=\"text-align: center;\">Billy Stay a instaur\u00e9 un ensemble de valeurs afin d&rsquo;assurer une s\u00e9curit\u00e9 optimale \u00e0 ses utilisateurs. C&rsquo;est donc dans cette optique que nous invitons voyageurs et h\u00f4tes \u00e0 d\u00e9couvrir nos recommandations et r\u00e8gles de vie, \u00e9tablies pour vous garantir un s\u00e9jour en toute confiance.<\/p><p style=\"text-align: center;\">Une confiance mutuelle pour une communaut\u00e9 sereine<\/p><p style=\"text-align: center;\">En toute \u00e9vidence, la mise en place de r\u00e8gles communes est un gage de relation solide, bas\u00e9e sur une confiance mutuelle. Dans cette optique, Billy Stay a mis en place une charte \u00e9thique r\u00e9sumant les valeurs \u00e0 respecter, une ligne de conduite pr\u00e9conis\u00e9e pour harmoniser les collaborations au sein de notre communaut\u00e9.<\/p>\t\t\t\t\t\t\t\t<\/div>\n\t\t\t\t<\/div>\n\t\t\t\t\t<\/div>\n\t\t<\/div>\n\t\t\t\t\t<\/div>\n\t\t<\/section>\n\t\t\t\t<section class=\"elementor-section elementor-top-section elementor-element elementor-element-3700cf2 elementor-section-boxed elementor-section-height-default elementor-section-height-default wpr-particle-no wpr-jarallax-no wpr-parallax-no wpr-sticky-section-no\" data-id=\"3700cf2\" data-element_type=\"section\" data-e-type=\"section\">\n\t\t\t\t\t\t<div class=\"elementor-container elementor-column-gap-wide\">\n\t\t\t\t\t<div class=\"elementor-column elementor-col-33 elementor-top-column elementor-element elementor-element-9c80cea\" data-id=\"9c80cea\" data-element_type=\"column\" data-e-type=\"column\">\n\t\t\t<div class=\"elementor-widget-wrap elementor-element-populated\">\n\t\t\t\t\t\t<div class=\"elementor-element elementor-element-e8dab3d elementor-view-default elementor-widget elementor-widget-icon\" data-id=\"e8dab3d\" data-element_type=\"widget\" data-e-type=\"widget\" data-widget_type=\"icon.default\">\n\t\t\t\t<div class=\"elementor-widget-container\">\n\t\t\t\t\t\t\t<div class=\"elementor-icon-wrapper\">\n\t\t\t<div class=\"elementor-icon\">\n\t\t\t<i aria-hidden=\"true\" class=\"far fa-eye\"><\/i>\t\t\t<\/div>\n\t\t<\/div>\n\t\t\t\t\t\t<\/div>\n\t\t\t\t<\/div>\n\t\t\t\t<div class=\"elementor-element elementor-element-94a696f elementor-widget elementor-widget-heading\" data-id=\"94a696f\" data-element_type=\"widget\" data-e-type=\"widget\" data-widget_type=\"heading.default\">\n\t\t\t\t<div class=\"elementor-widget-container\">\n\t\t\t\t\t<h2 class=\"elementor-heading-title elementor-size-default\">Un esprit paisible<\/h2>\t\t\t\t<\/div>\n\t\t\t\t<\/div>\n\t\t\t\t<div class=\"elementor-element elementor-element-0eb9188 elementor-widget elementor-widget-text-editor\" data-id=\"0eb9188\" data-element_type=\"widget\" data-e-type=\"widget\" data-widget_type=\"text-editor.default\">\n\t\t\t\t<div class=\"elementor-widget-container\">\n\t\t\t\t\t\t\t\t\t<p>Que vous soyez h\u00f4te ou locataire, l&rsquo;ensemble des membres de la communaut\u00e9 Billy Stay s&rsquo;engage \u00e0 adopter une conduite transparente dans un esprit de confiance. Les violences envers soi-m\u00eame, les agressions physiques ou verbales et les menaces sont des comportements bannis de notre communaut\u00e9.<\/p>\t\t\t\t\t\t\t\t<\/div>\n\t\t\t\t<\/div>\n\t\t\t\t\t<\/div>\n\t\t<\/div>\n\t\t\t\t<div class=\"elementor-column elementor-col-33 elementor-top-column elementor-element elementor-element-f3ddf14\" data-id=\"f3ddf14\" data-element_type=\"column\" data-e-type=\"column\">\n\t\t\t<div class=\"elementor-widget-wrap elementor-element-populated\">\n\t\t\t\t\t\t<div class=\"elementor-element elementor-element-6775a85 elementor-view-default elementor-widget elementor-widget-icon\" data-id=\"6775a85\" data-element_type=\"widget\" data-e-type=\"widget\" data-widget_type=\"icon.default\">\n\t\t\t\t<div class=\"elementor-widget-container\">\n\t\t\t\t\t\t\t<div class=\"elementor-icon-wrapper\">\n\t\t\t<div class=\"elementor-icon\">\n\t\t\t<i aria-hidden=\"true\" class=\"far fa-handshake\"><\/i>\t\t\t<\/div>\n\t\t<\/div>\n\t\t\t\t\t\t<\/div>\n\t\t\t\t<\/div>\n\t\t\t\t<div class=\"elementor-element elementor-element-64774aa elementor-widget elementor-widget-heading\" data-id=\"64774aa\" data-element_type=\"widget\" data-e-type=\"widget\" data-widget_type=\"heading.default\">\n\t\t\t\t<div class=\"elementor-widget-container\">\n\t\t\t\t\t<h2 class=\"elementor-heading-title elementor-size-default\">Le respect comme gage de s\u00e9curit\u00e9<\/h2>\t\t\t\t<\/div>\n\t\t\t\t<\/div>\n\t\t\t\t<div class=\"elementor-element elementor-element-cb2076b elementor-widget elementor-widget-text-editor\" data-id=\"cb2076b\" data-element_type=\"widget\" data-e-type=\"widget\" data-widget_type=\"text-editor.default\">\n\t\t\t\t<div class=\"elementor-widget-container\">\n\t\t\t\t\t\t\t\t\t<p>La confiance r\u00e8gne au sein de notre communaut\u00e9 dans un esprit de r\u00e9ciprocit\u00e9. Que vous soyez propri\u00e9taire ou voyageur, vous devez imp\u00e9rativement respecter les effets d&rsquo;autrui et \u00e9viter tout comportement pouvant porter atteinte \u00e0 la vie priv\u00e9e de votre h\u00f4te ou de votre locataire : vol, vandalisme, chantage, racisme, harc\u00e8lement\u2026<\/p>\t\t\t\t\t\t\t\t<\/div>\n\t\t\t\t<\/div>\n\t\t\t\t\t<\/div>\n\t\t<\/div>\n\t\t\t\t<div class=\"elementor-column elementor-col-33 elementor-top-column elementor-element elementor-element-fddbf05\" data-id=\"fddbf05\" data-element_type=\"column\" data-e-type=\"column\">\n\t\t\t<div class=\"elementor-widget-wrap elementor-element-populated\">\n\t\t\t\t\t\t<div class=\"elementor-element elementor-element-c1b3d3b elementor-view-default elementor-widget elementor-widget-icon\" data-id=\"c1b3d3b\" data-element_type=\"widget\" data-e-type=\"widget\" data-widget_type=\"icon.default\">\n\t\t\t\t<div class=\"elementor-widget-container\">\n\t\t\t\t\t\t\t<div class=\"elementor-icon-wrapper\">\n\t\t\t<div class=\"elementor-icon\">\n\t\t\t<i aria-hidden=\"true\" class=\"far fa-check-square\"><\/i>\t\t\t<\/div>\n\t\t<\/div>\n\t\t\t\t\t\t<\/div>\n\t\t\t\t<\/div>\n\t\t\t\t<div class=\"elementor-element elementor-element-bc9435a elementor-widget elementor-widget-heading\" data-id=\"bc9435a\" data-element_type=\"widget\" data-e-type=\"widget\" data-widget_type=\"heading.default\">\n\t\t\t\t<div class=\"elementor-widget-container\">\n\t\t\t\t\t<h2 class=\"elementor-heading-title elementor-size-default\">La fiabilit\u00e9 comme ligne de conduite<\/h2>\t\t\t\t<\/div>\n\t\t\t\t<\/div>\n\t\t\t\t<div class=\"elementor-element elementor-element-96941da elementor-widget elementor-widget-text-editor\" data-id=\"96941da\" data-element_type=\"widget\" data-e-type=\"widget\" data-widget_type=\"text-editor.default\">\n\t\t\t\t<div class=\"elementor-widget-container\">\n\t\t\t\t\t\t\t\t\t<p>La fiabilit\u00e9 est incontestablement le fil rouge de notre r\u00e8glement \u00e9thique. Dans cet esprit, Billy Stay invite ses utilisateurs \u00e0 mettre en avant leurs biens en toute transparence et en faisant preuve de clart\u00e9 dans leurs annonces. Propret\u00e9, \u00e9quipements et commodit\u00e9s de base, votre logement doit obligatoirement correspondre aux crit\u00e8res renseign\u00e9s sur le site.<\/p>\t\t\t\t\t\t\t\t<\/div>\n\t\t\t\t<\/div>\n\t\t\t\t\t<\/div>\n\t\t<\/div>\n\t\t\t\t\t<\/div>\n\t\t<\/section>\n\t\t\t\t<\/div>","protected":false},"excerpt":{"rendered":"<p>Confiance et s\u00e9curit\u00e9 S&rsquo;impliquer avec vous, c&rsquo;est le gage de notre r\u00e9ussite Billy Stay a instaur\u00e9 un ensemble de valeurs afin d&rsquo;assurer une s\u00e9curit\u00e9 optimale \u00e0 ses utilisateurs. C&rsquo;est donc dans cette optique que nous invitons voyageurs et h\u00f4tes \u00e0 d\u00e9couvrir nos recommandations et r\u00e8gles de vie, \u00e9tablies pour vous garantir un s\u00e9jour en toute confiance. Une confiance mutuelle pour une communaut\u00e9 sereine En toute \u00e9vidence, la mise en place de r\u00e8gles communes est un gage de relation solide, bas\u00e9e sur une confiance mutuelle. Dans cette optique, Billy Stay a mis en place une charte \u00e9thique r\u00e9sumant les valeurs \u00e0 respecter, une ligne de conduite pr\u00e9conis\u00e9e pour harmoniser les collaborations au sein de notre communaut\u00e9. Un esprit paisible Que vous soyez h\u00f4te ou locataire, l&rsquo;ensemble des membres de la communaut\u00e9 Billy Stay s&rsquo;engage \u00e0 adopter une conduite transparente dans un esprit de confiance. Les violences envers soi-m\u00eame, les agressions physiques ou verbales et les menaces sont des comportements bannis de notre communaut\u00e9. Le respect comme gage de s\u00e9curit\u00e9 La confiance r\u00e8gne au sein de notre communaut\u00e9 dans un esprit de r\u00e9ciprocit\u00e9. Que vous soyez propri\u00e9taire ou voyageur, vous devez imp\u00e9rativement respecter les effets d&rsquo;autrui et \u00e9viter tout comportement pouvant porter atteinte \u00e0 la vie priv\u00e9e de votre h\u00f4te ou de votre locataire : vol, vandalisme, chantage, racisme, harc\u00e8lement\u2026 La fiabilit\u00e9 comme ligne de conduite La fiabilit\u00e9 est incontestablement le fil rouge de notre r\u00e8glement \u00e9thique. Dans cet esprit, Billy Stay invite ses utilisateurs \u00e0 mettre en avant leurs biens en toute transparence et en faisant preuve de clart\u00e9 dans leurs annonces. Propret\u00e9, \u00e9quipements et commodit\u00e9s de base, votre logement doit obligatoirement correspondre aux crit\u00e8res renseign\u00e9s sur le site.<\/p>","protected":false},"author":95,"featured_media":0,"parent":0,"menu_order":0,"comment_status":"closed","ping_status":"closed","template":"elementor_header_footer","meta":{"_acf_changed":false,"_monsterinsights_skip_tracking":false,"_monsterinsights_sitenote_active":false,"_monsterinsights_sitenote_note":"","_monsterinsights_sitenote_category":0,"_glsr_average":0,"_glsr_ranking":0,"_glsr_reviews":0,"footnotes":""},"class_list":["post-11025","page","type-page","status-publish","has-post-thumbnail","hentry"],"acf":[],"_links":{"self":[{"href":"https:\/\/www.billystays.com\/en\/wp-json\/wp\/v2\/pages\/11025","targetHints":{"allow":["GET"]}}],"collection":[{"href":"https:\/\/www.billystays.com\/en\/wp-json\/wp\/v2\/pages"}],"about":[{"href":"https:\/\/www.billystays.com\/en\/wp-json\/wp\/v2\/types\/page"}],"author":[{"embeddable":true,"href":"https:\/\/www.billystays.com\/en\/wp-json\/wp\/v2\/users\/95"}],"replies":[{"embeddable":true,"href":"https:\/\/www.billystays.com\/en\/wp-json\/wp\/v2\/comments?post=11025"}],"version-history":[{"count":0,"href":"https:\/\/www.billystays.com\/en\/wp-json\/wp\/v2\/pages\/11025\/revisions"}],"wp:attachment":[{"href":"https:\/\/www.billystays.com\/en\/wp-json\/wp\/v2\/media?parent=11025"}],"curies":[{"name":"wp","href":"https:\/\/api.w.org\/{rel}","templated":true}]}}