
    {"id":10842,"date":"2024-04-16T14:55:00","date_gmt":"2024-04-16T12:55:00","guid":{"rendered":"https:\/\/www.billystays.com\/?page_id=10842"},"modified":"2025-02-28T16:09:27","modified_gmt":"2025-02-28T16:09:27","slug":"conciergerie-2","status":"publish","type":"page","link":"https:\/\/www.billystays.com\/en\/conciergerie-2\/","title":{"rendered":"Conciergerie"},"content":{"rendered":"<div data-elementor-type=\"wp-page\" data-elementor-id=\"10842\" class=\"elementor elementor-10842\">\n\t\t\t\t<div class=\"elementor-element elementor-element-bce6e29 e-con-full e-flex wpr-particle-no wpr-jarallax-no wpr-parallax-no wpr-sticky-section-no e-con e-parent\" data-id=\"bce6e29\" data-element_type=\"container\" data-e-type=\"container\">\n\t\t\t\t<div class=\"elementor-element elementor-element-9db5d18 imag_caroussel elementor-arrows-position-inside elementor-widget elementor-widget-image-carousel\" data-id=\"9db5d18\" data-element_type=\"widget\" data-e-type=\"widget\" data-settings=\"{&quot;slides_to_show&quot;:&quot;1&quot;,&quot;navigation&quot;:&quot;arrows&quot;,&quot;autoplay&quot;:&quot;yes&quot;,&quot;pause_on_hover&quot;:&quot;yes&quot;,&quot;pause_on_interaction&quot;:&quot;yes&quot;,&quot;autoplay_speed&quot;:5000,&quot;infinite&quot;:&quot;yes&quot;,&quot;effect&quot;:&quot;slide&quot;,&quot;speed&quot;:500}\" data-widget_type=\"image-carousel.default\">\n\t\t\t\t<div class=\"elementor-widget-container\">\n\t\t\t\t\t\t\t<div class=\"elementor-image-carousel-wrapper swiper\" role=\"region\" aria-roledescription=\"carousel\" aria-label=\"Carrousel d\u2019images\" dir=\"ltr\">\n\t\t\t<div class=\"elementor-image-carousel swiper-wrapper swiper-image-stretch\" aria-live=\"off\">\n\t\t\t\t\t\t\t\t<div class=\"swiper-slide\" role=\"group\" aria-roledescription=\"slide\" aria-label=\"1 of 3\"><figure class=\"swiper-slide-inner\"><img decoding=\"async\" class=\"swiper-slide-image\" src=\"https:\/\/www.billystays.com\/wp-content\/uploads\/2025\/02\/concierge.jpg\" alt=\"concierge\" title=\"\"><\/figure><\/div><div class=\"swiper-slide\" role=\"group\" aria-roledescription=\"slide\" aria-label=\"2 of 3\"><figure class=\"swiper-slide-inner\"><img decoding=\"async\" class=\"swiper-slide-image\" src=\"https:\/\/www.billystays.com\/wp-content\/uploads\/2025\/02\/article-etude-marche-conciergerie.webp\" alt=\"article-etude-marche-conciergerie\" title=\"\"><\/figure><\/div><div class=\"swiper-slide\" role=\"group\" aria-roledescription=\"slide\" aria-label=\"3 of 3\"><figure class=\"swiper-slide-inner\"><img decoding=\"async\" class=\"swiper-slide-image\" src=\"https:\/\/www.billystays.com\/wp-content\/uploads\/2025\/02\/concierge-735x400-1.jpg\" alt=\"concierge-735x400\" title=\"\"><\/figure><\/div>\t\t\t<\/div>\n\t\t\t\t\t\t\t\t\t\t\t\t<div class=\"elementor-swiper-button elementor-swiper-button-prev\" role=\"button\" tabindex=\"0\">\n\t\t\t\t\t\t<i aria-hidden=\"true\" class=\"eicon-chevron-left\"><\/i>\t\t\t\t\t<\/div>\n\t\t\t\t\t<div class=\"elementor-swiper-button elementor-swiper-button-next\" role=\"button\" tabindex=\"0\">\n\t\t\t\t\t\t<i aria-hidden=\"true\" class=\"eicon-chevron-right\"><\/i>\t\t\t\t\t<\/div>\n\t\t\t\t\n\t\t\t\t\t\t\t\t\t<\/div>\n\t\t\t\t\t\t<\/div>\n\t\t\t\t<\/div>\n\t\t\t\t<div class=\"elementor-element elementor-element-f32409a h1_absol elementor-widget elementor-widget-heading\" data-id=\"f32409a\" data-element_type=\"widget\" data-e-type=\"widget\" data-widget_type=\"heading.default\">\n\t\t\t\t<div class=\"elementor-widget-container\">\n\t\t\t\t\t<h1 class=\"elementor-heading-title elementor-size-default\">Conciergerie\n<\/h1>\t\t\t\t<\/div>\n\t\t\t\t<\/div>\n\t\t\t\t<\/div>\n\t\t\t\t<section class=\"elementor-section elementor-top-section elementor-element elementor-element-5c581a8 elementor-section-boxed elementor-section-height-default elementor-section-height-default wpr-particle-no wpr-jarallax-no wpr-parallax-no wpr-sticky-section-no\" data-id=\"5c581a8\" data-element_type=\"section\" data-e-type=\"section\">\n\t\t\t\t\t\t<div class=\"elementor-container elementor-column-gap-default\">\n\t\t\t\t\t<div class=\"elementor-column elementor-col-100 elementor-top-column elementor-element elementor-element-154ae67\" data-id=\"154ae67\" data-element_type=\"column\" data-e-type=\"column\">\n\t\t\t<div class=\"elementor-widget-wrap elementor-element-populated\">\n\t\t\t\t\t\t<div class=\"elementor-element elementor-element-f659f77 elementor-widget elementor-widget-heading\" data-id=\"f659f77\" data-element_type=\"widget\" data-e-type=\"widget\" data-widget_type=\"heading.default\">\n\t\t\t\t<div class=\"elementor-widget-container\">\n\t\t\t\t\t<h2 class=\"elementor-heading-title elementor-size-default\">Call on our concierge service for a carefree vacation<\/h2>\t\t\t\t<\/div>\n\t\t\t\t<\/div>\n\t\t\t\t<div class=\"elementor-element elementor-element-b26b12a elementor-widget elementor-widget-text-editor\" data-id=\"b26b12a\" data-element_type=\"widget\" data-e-type=\"widget\" data-widget_type=\"text-editor.default\">\n\t\t\t\t<div class=\"elementor-widget-container\">\n\t\t\t\t\t\t\t\t\t<p><strong>Billystays<\/strong> offers a Premium concierge service to provide guests with an exceptional stay experience. The concierge service is available 24 hours a day to respond to all guests' requests, whether to reserve a table at a restaurant, arrange an airport transfer, or plan an excursion or guided tour.<\/p><p>Guests can also request car rental services, ticketing for events or shows, or recommendations of places and activities to discover in the area. The concierge service is managed by qualified and professional staff, who listen to guests' needs and are dedicated to providing them with an unforgettable stay experience.<\/p><p>Billy Stays' Premium Concierge Service ensures a personalized, comfortable and stress-free stay for all guests.<\/p>\t\t\t\t\t\t\t\t<\/div>\n\t\t\t\t<\/div>\n\t\t\t\t\t<\/div>\n\t\t<\/div>\n\t\t\t\t\t<\/div>\n\t\t<\/section>\n\t\t\t\t<\/div>","protected":false},"excerpt":{"rendered":"<p>Conciergerie Faites appel \u00e0 notre conciergerie pour des vacances sans soucis Billystays propose un service de conciergerie Premium pour offrir une exp\u00e9rience de s\u00e9jour exceptionnelle \u00e0 ses clients. Le service de conciergerie est disponible 24h\/24 pour r\u00e9pondre \u00e0 toutes les demandes des clients, que ce soit pour r\u00e9server une table dans un restaurant, organiser un transfert depuis l&rsquo;a\u00e9roport, ou encore pour planifier une excursion ou une visite guid\u00e9e. Les clients peuvent \u00e9galement demander des services de location de voitures, de billetterie pour des \u00e9v\u00e9nements ou des spectacles, ou encore b\u00e9n\u00e9ficier de recommandations de lieux et d&rsquo;activit\u00e9s \u00e0 d\u00e9couvrir dans la r\u00e9gion. Le service de conciergerie est g\u00e9r\u00e9 par un personnel qualifi\u00e9 et professionnel, qui est \u00e0 l&rsquo;\u00e9coute des besoins des clients et qui est d\u00e9vou\u00e9 \u00e0 leur offrir une exp\u00e9rience de s\u00e9jour inoubliable. Le service de conciergerie Premium propos\u00e9 par Billy Stays garantit un s\u00e9jour personnalis\u00e9, confortable et sans stress pour tous les clients.<\/p>","protected":false},"author":95,"featured_media":15220,"parent":0,"menu_order":0,"comment_status":"closed","ping_status":"closed","template":"elementor_header_footer","meta":{"_acf_changed":false,"_monsterinsights_skip_tracking":false,"_monsterinsights_sitenote_active":false,"_monsterinsights_sitenote_note":"","_monsterinsights_sitenote_category":0,"_glsr_average":0,"_glsr_ranking":0,"_glsr_reviews":0,"footnotes":""},"class_list":["post-10842","page","type-page","status-publish","has-post-thumbnail","hentry"],"acf":[],"_links":{"self":[{"href":"https:\/\/www.billystays.com\/en\/wp-json\/wp\/v2\/pages\/10842","targetHints":{"allow":["GET"]}}],"collection":[{"href":"https:\/\/www.billystays.com\/en\/wp-json\/wp\/v2\/pages"}],"about":[{"href":"https:\/\/www.billystays.com\/en\/wp-json\/wp\/v2\/types\/page"}],"author":[{"embeddable":true,"href":"https:\/\/www.billystays.com\/en\/wp-json\/wp\/v2\/users\/95"}],"replies":[{"embeddable":true,"href":"https:\/\/www.billystays.com\/en\/wp-json\/wp\/v2\/comments?post=10842"}],"version-history":[{"count":0,"href":"https:\/\/www.billystays.com\/en\/wp-json\/wp\/v2\/pages\/10842\/revisions"}],"wp:featuredmedia":[{"embeddable":true,"href":"https:\/\/www.billystays.com\/en\/wp-json\/wp\/v2\/media\/15220"}],"wp:attachment":[{"href":"https:\/\/www.billystays.com\/en\/wp-json\/wp\/v2\/media?parent=10842"}],"curies":[{"name":"wp","href":"https:\/\/api.w.org\/{rel}","templated":true}]}}