
    {"id":10841,"date":"2024-04-16T14:54:50","date_gmt":"2024-04-16T12:54:50","guid":{"rendered":"https:\/\/www.billystays.com\/?page_id=10841"},"modified":"2025-04-09T12:00:23","modified_gmt":"2025-04-09T11:00:23","slug":"service-spa","status":"publish","type":"page","link":"https:\/\/www.billystays.com\/en\/service-spa\/","title":{"rendered":"Spa service"},"content":{"rendered":"<div data-elementor-type=\"wp-page\" data-elementor-id=\"10841\" class=\"elementor elementor-10841\">\n\t\t\t\t<div class=\"elementor-element elementor-element-023d041 e-con-full e-flex wpr-particle-no wpr-jarallax-no wpr-parallax-no wpr-sticky-section-no e-con e-parent\" data-id=\"023d041\" data-element_type=\"container\" data-e-type=\"container\">\n\t\t\t\t<div class=\"elementor-element elementor-element-d3f8dd2 imag_caroussel elementor-arrows-position-inside elementor-widget elementor-widget-image-carousel\" data-id=\"d3f8dd2\" data-element_type=\"widget\" data-e-type=\"widget\" data-settings=\"{&quot;slides_to_show&quot;:&quot;1&quot;,&quot;navigation&quot;:&quot;arrows&quot;,&quot;autoplay&quot;:&quot;yes&quot;,&quot;pause_on_hover&quot;:&quot;yes&quot;,&quot;pause_on_interaction&quot;:&quot;yes&quot;,&quot;autoplay_speed&quot;:5000,&quot;infinite&quot;:&quot;yes&quot;,&quot;effect&quot;:&quot;slide&quot;,&quot;speed&quot;:500}\" data-widget_type=\"image-carousel.default\">\n\t\t\t\t<div class=\"elementor-widget-container\">\n\t\t\t\t\t\t\t<div class=\"elementor-image-carousel-wrapper swiper\" role=\"region\" aria-roledescription=\"carousel\" aria-label=\"Carrousel d\u2019images\" dir=\"ltr\">\n\t\t\t<div class=\"elementor-image-carousel swiper-wrapper swiper-image-stretch\" aria-live=\"off\">\n\t\t\t\t\t\t\t\t<div class=\"swiper-slide\" role=\"group\" aria-roledescription=\"slide\" aria-label=\"1 sur 4\"><figure class=\"swiper-slide-inner\"><img decoding=\"async\" class=\"swiper-slide-image\" src=\"https:\/\/www.billystays.com\/wp-content\/uploads\/2025\/02\/diploma.webp\" alt=\"diploma\" \/><\/figure><\/div><div class=\"swiper-slide\" role=\"group\" aria-roledescription=\"slide\" aria-label=\"2 sur 4\"><figure class=\"swiper-slide-inner\"><img decoding=\"async\" class=\"swiper-slide-image\" src=\"https:\/\/www.billystays.com\/wp-content\/uploads\/2025\/02\/maxresdefault-1-1.jpg\" alt=\"maxresdefault (1)\" \/><\/figure><\/div><div class=\"swiper-slide\" role=\"group\" aria-roledescription=\"slide\" aria-label=\"3 sur 4\"><figure class=\"swiper-slide-inner\"><img decoding=\"async\" class=\"swiper-slide-image\" src=\"https:\/\/www.billystays.com\/wp-content\/uploads\/2025\/02\/SBPZzggeFEU.jpg\" alt=\"SBPZzggeFEU\" \/><\/figure><\/div><div class=\"swiper-slide\" role=\"group\" aria-roledescription=\"slide\" aria-label=\"4 sur 4\"><figure class=\"swiper-slide-inner\"><img decoding=\"async\" class=\"swiper-slide-image\" src=\"https:\/\/www.billystays.com\/wp-content\/uploads\/2025\/02\/da89fc7182260466f0aa273244b6f36b.png\" alt=\"da89fc7182260466f0aa273244b6f36b\" \/><\/figure><\/div>\t\t\t<\/div>\n\t\t\t\t\t\t\t\t\t\t\t\t<div class=\"elementor-swiper-button elementor-swiper-button-prev\" role=\"button\" tabindex=\"0\">\n\t\t\t\t\t\t<i aria-hidden=\"true\" class=\"eicon-chevron-left\"><\/i>\t\t\t\t\t<\/div>\n\t\t\t\t\t<div class=\"elementor-swiper-button elementor-swiper-button-next\" role=\"button\" tabindex=\"0\">\n\t\t\t\t\t\t<i aria-hidden=\"true\" class=\"eicon-chevron-right\"><\/i>\t\t\t\t\t<\/div>\n\t\t\t\t\n\t\t\t\t\t\t\t\t\t<\/div>\n\t\t\t\t\t\t<\/div>\n\t\t\t\t<\/div>\n\t\t\t\t<div class=\"elementor-element elementor-element-153ce38 h1_absol elementor-widget elementor-widget-heading\" data-id=\"153ce38\" data-element_type=\"widget\" data-e-type=\"widget\" data-widget_type=\"heading.default\">\n\t\t\t\t<div class=\"elementor-widget-container\">\n\t\t\t\t\t<h1 class=\"elementor-heading-title elementor-size-default\">Spa service<\/h1>\t\t\t\t<\/div>\n\t\t\t\t<\/div>\n\t\t\t\t<\/div>\n\t\t\t\t<section class=\"elementor-section elementor-top-section elementor-element elementor-element-eea019d elementor-section-boxed elementor-section-height-default elementor-section-height-default wpr-particle-no wpr-jarallax-no wpr-parallax-no wpr-sticky-section-no\" data-id=\"eea019d\" data-element_type=\"section\" data-e-type=\"section\">\n\t\t\t\t\t\t<div class=\"elementor-container elementor-column-gap-default\">\n\t\t\t\t\t<div class=\"elementor-column elementor-col-100 elementor-top-column elementor-element elementor-element-c476622\" data-id=\"c476622\" data-element_type=\"column\" data-e-type=\"column\">\n\t\t\t<div class=\"elementor-widget-wrap elementor-element-populated\">\n\t\t\t\t\t\t<div class=\"elementor-element elementor-element-cb811dc elementor-widget elementor-widget-heading\" data-id=\"cb811dc\" data-element_type=\"widget\" data-e-type=\"widget\" data-widget_type=\"heading.default\">\n\t\t\t\t<div class=\"elementor-widget-container\">\n\t\t\t\t\t<h2 class=\"elementor-heading-title elementor-size-default\">Enjoy relaxing treatments and massages in the comfort of your villa!<\/h2>\t\t\t\t<\/div>\n\t\t\t\t<\/div>\n\t\t\t\t<div class=\"elementor-element elementor-element-95f5713 elementor-widget elementor-widget-text-editor\" data-id=\"95f5713\" data-element_type=\"widget\" data-e-type=\"widget\" data-widget_type=\"text-editor.default\">\n\t\t\t\t<div class=\"elementor-widget-container\">\n\t\t\t\t\t\t\t\t\t<p>Billy Stays also offers massage and body treatments to help guests relax and rejuvenate during their stay. Guests can enjoy a wide range of relaxing massage treatments, such as Swedish massage, hot stone massage, Thai massage and many more. Qualified beauticians also offer beauty treatments such as facials, manicures and pedicures. Guests can also enjoy a sauna, hammam and other wellness facilities for complete relaxation.<\/p><p>Massage and beauty treatments are customized to meet guests' individual needs and are performed in private, comfortable treatment rooms. Billy Stays' massage and body care services offer guests the opportunity to rejuvenate, relax and enjoy their stay to the full.<\/p>\t\t\t\t\t\t\t\t<\/div>\n\t\t\t\t<\/div>\n\t\t\t\t\t<\/div>\n\t\t<\/div>\n\t\t\t\t\t<\/div>\n\t\t<\/section>\n\t\t\t\t<section class=\"elementor-section elementor-top-section elementor-element elementor-element-759ab5b elementor-section-boxed elementor-section-height-default elementor-section-height-default wpr-particle-no wpr-jarallax-no wpr-parallax-no wpr-sticky-section-no\" data-id=\"759ab5b\" data-element_type=\"section\" data-e-type=\"section\">\n\t\t\t\t\t\t<div class=\"elementor-container elementor-column-gap-default\">\n\t\t\t\t\t<div class=\"elementor-column elementor-col-100 elementor-top-column elementor-element elementor-element-cb8a39b\" data-id=\"cb8a39b\" data-element_type=\"column\" data-e-type=\"column\">\n\t\t\t<div class=\"elementor-widget-wrap elementor-element-populated\">\n\t\t\t\t\t\t<div class=\"elementor-element elementor-element-9fa1f44 elementor-align-center elementor-widget elementor-widget-button\" data-id=\"9fa1f44\" data-element_type=\"widget\" data-e-type=\"widget\" data-widget_type=\"button.default\">\n\t\t\t\t<div class=\"elementor-widget-container\">\n\t\t\t\t\t\t\t\t\t<div class=\"elementor-button-wrapper\">\n\t\t\t\t\t<a class=\"elementor-button elementor-button-link elementor-size-sm\" href=\"https:\/\/www.billystays.com\/wp-content\/uploads\/2025\/04\/Carte-Billy-Stay-esthetic-.pdf\" rel=\"nofollow\" download=\"\">\n\t\t\t\t\t\t<span class=\"elementor-button-content-wrapper\">\n\t\t\t\t\t\t\t\t\t<span class=\"elementor-button-text\">Download our price list(PDF)<\/span>\n\t\t\t\t\t<\/span>\n\t\t\t\t\t<\/a>\n\t\t\t\t<\/div>\n\t\t\t\t\t\t\t\t<\/div>\n\t\t\t\t<\/div>\n\t\t\t\t\t<\/div>\n\t\t<\/div>\n\t\t\t\t\t<\/div>\n\t\t<\/section>\n\t\t<div class=\"elementor-element elementor-element-9965048 e-con-full e-flex wpr-particle-no wpr-jarallax-no wpr-parallax-no wpr-sticky-section-no e-con e-parent\" data-id=\"9965048\" data-element_type=\"container\" data-e-type=\"container\">\n\t\t\t\t<div class=\"elementor-element elementor-element-bca5825 slider_repas elementor-widget elementor-widget-sina_banner_slider\" data-id=\"bca5825\" data-element_type=\"widget\" data-e-type=\"widget\" data-widget_type=\"sina_banner_slider.default\">\n\t\t\t\t<div class=\"elementor-widget-container\">\n\t\t\t\t\t\t\t<div class=\"sina-banner-slider owl-carousel\"\r\n\t\tdata-autoplay=\"yes\"\r\n\t\tdata-pause=\"yes\"\r\n\t\tdata-nav=\"yes\"\r\n\t\tdata-dots=\"yes\"\r\n\t\tdata-mouse-drag=\"yes\"\r\n\t\tdata-touch-drag=\"yes\"\r\n\t\tdata-loop=\"yes\"\r\n\t\tdata-speed=\"\"\r\n\t\tdata-part-anim=\"yes\"\r\n\t\tdata-delay=\"5000\">\r\n\r\n\t\t\t\t\t\t\t<div class=\"sina-slider-content sina-bg-cover\" style=\"background-image: url(https:\/\/www.billystays.com\/wp-content\/uploads\/2025\/02\/maxresdefault-1-1.jpg);\">\r\n\t\t\t\t\t\t\t\t\t\t\t<div class=\"sina-overlay\"><\/div>\r\n\t\t\t\t\t\r\n\t\t\t\t\t<div class=\"sina-banner-container elementor-repeater-item-edad1e5\">\r\n\r\n\t\t\t\t\t\t\t\t\t\t\t\t\t\t\t\t\t\t\t\t<h2 class=\"sina-banner-title sina-anim-invisible\" data-animation=\"animated fadeInLeft\">Massage<\/h2>\t\t\t\t\t\t\r\n\t\t\t\t\t\t\r\n\t\t\t\t\t\t\t\t\t\t\t\t\t<div class=\"sina-banner-desc sina-anim-invisible\" data-animation=\"animated fadeInUp\">- Massage Signature (45mn) 400DH<br>\n- Massage Relaxant (60mn) 500DH<br>\n- Massage Tonique (60mn) 600DH <br>\n- Massage Sportif (60mn) 700DH<br><\/div>\t\t\t\t\t\t\r\n\t\t\t\t\t\t\t\t\t\t\t<\/div>\r\n\t\t\t\t<\/div>\r\n\t\t\t\t\t\t\t<div class=\"sina-slider-content sina-bg-cover\" style=\"background-image: url(https:\/\/www.billystays.com\/wp-content\/uploads\/2025\/02\/67816d7dce52fc795163fbd0a1d57b13-resize_crop_1Xquality_100Xallow_enlarge_0Xw_1200Xh_630.jpg);\">\r\n\t\t\t\t\t\t\t\t\t\t\t<div class=\"sina-overlay\"><\/div>\r\n\t\t\t\t\t\r\n\t\t\t\t\t<div class=\"sina-banner-container elementor-repeater-item-ac37d95\">\r\n\r\n\t\t\t\t\t\t\t\t\t\t\t\t\t\t\t\t\t\t\t\t<h2 class=\"sina-banner-title sina-anim-invisible\" data-animation=\"animated fadeInLeft\">Soins de Visage & Corp<\/h2>\t\t\t\t\t\t\r\n\t\t\t\t\t\t\r\n\t\t\t\t\t\t\t\t\t\t\t\t\t<div class=\"sina-banner-desc sina-anim-invisible\" data-animation=\"animated fadeInUp\">- Botanika : Soin \u00e9clat - 60 mn\n500 MAD  <br>\n- Afoulk : Soin naturel adapt\u00e9 \u00e0 tout type de peau aux\nroduits locaux, naturel, bio - 60 mn\n800 MAD <br>\n-Lifting : Essences de Marrakech, anti rides et anti\n-relachement, Lifting KOBIDO - 90 mn\n1100 MAD<\/div>\t\t\t\t\t\t\r\n\t\t\t\t\t\t\t\t\t\t\t<\/div>\r\n\t\t\t\t<\/div>\r\n\t\t\t\t\t\t\t<div class=\"sina-slider-content sina-bg-cover\" style=\"background-image: url(https:\/\/www.billystays.com\/wp-content\/uploads\/2025\/02\/da89fc7182260466f0aa273244b6f36b.png);\">\r\n\t\t\t\t\t\t\t\t\t\t\t<div class=\"sina-overlay\"><\/div>\r\n\t\t\t\t\t\r\n\t\t\t\t\t<div class=\"sina-banner-container elementor-repeater-item-7930d54\">\r\n\r\n\t\t\t\t\t\t\t\t\t\t\t\t\t\t\t\t\t\t\t\t<h2 class=\"sina-banner-title sina-anim-invisible\" data-animation=\"animated fadeInLeft\">Soins Mains & Pieds<\/h2>\t\t\t\t\t\t\r\n\t\t\t\t\t\t\r\n\t\t\t\t\t\t\t\t\t\t\t\t\t<div class=\"sina-banner-desc sina-anim-invisible\" data-animation=\"animated fadeInUp\">\n- Manucure & pose vernis - 30 mn\n200 MAD <br>\n- P\u00e9dicure & pose vernis\n250 MAD <br>\n- Vernis semi permanent - Mains\n350 MAD <br>\n- D\u00e9pose vernis semi permanent\n100 MAD<\/div>\t\t\t\t\t\t\r\n\t\t\t\t\t\t\t\t\t\t\t<\/div>\r\n\t\t\t\t<\/div>\r\n\t\t\t\t\t\t\t<div class=\"sina-slider-content sina-bg-cover\" style=\"background-image: url(https:\/\/www.billystays.com\/wp-content\/uploads\/2025\/02\/148.jpg);\">\r\n\t\t\t\t\t\t\t\t\t\t\t<div class=\"sina-overlay\"><\/div>\r\n\t\t\t\t\t\r\n\t\t\t\t\t<div class=\"sina-banner-container elementor-repeater-item-8f40f1d\">\r\n\r\n\t\t\t\t\t\t\t\t\t\t\t\t\t\t\t\t\t\t\t\t<h2 class=\"sina-banner-title sina-anim-invisible\" data-animation=\"animated fadeInLeft\">Hammam<\/h2>\t\t\t\t\t\t\r\n\t\t\t\t\t\t\r\n\t\t\t\t\t\t\t\t\t\t\t\t\t<div class=\"sina-banner-desc sina-anim-invisible\" data-animation=\"animated fadeInUp\">- Traditionnel : Gommage au savon noire - 30 mn\n300 MAD <br>\n- Royal : Gommage au savon noire, Enveloppement au\ncaf\u00e9, Savonnage, Modelage - 60mn\n650 MAD <br>\n- Berb\u00e8re : Gommage au savon noire, Enveloppement\nGhassoul, Savonnage - 45 mn\n500 MAD<\/div>\t\t\t\t\t\t\r\n\t\t\t\t\t\t\t\t\t\t\t<\/div>\r\n\t\t\t\t<\/div>\r\n\t\t\t\t\t<\/div><!-- .sina-banner-slider -->\r\n\t\t\t\t\t\t<\/div>\n\t\t\t\t<\/div>\n\t\t\t\t<\/div>\n\t\t\t\t<\/div>","protected":false},"excerpt":{"rendered":"<p>Service spa Profitez de soins et massages relaxants dans le confort de votre villa\u202f! Billy Stays propose \u00e9galement un service de massage et de soins de corps pour permettre \u00e0 ses clients de se d\u00e9tendre et de se ressourcer pendant leur s\u00e9jour. Les clients peuvent profiter d&rsquo;une large gamme de traitements de massage relaxants, tels que le massage su\u00e9dois, le massage aux pierres chaudes, le massage tha\u00eflandais et bien d&rsquo;autres encore. Des esth\u00e9ticiennes qualifi\u00e9es proposent \u00e9galement des soins de beaut\u00e9 tels que des soins du visage, des manucures et des p\u00e9dicures. Les clients peuvent \u00e9gale- ment profiter d&rsquo;un sauna, d&rsquo;un hammam et d&rsquo;autres installations de bien-\u00eatre pour se d\u00e9tendre compl\u00e8tement. Les traitements de massage et les soins de beaut\u00e9 sont personnalis\u00e9s pour r\u00e9pondre aux besoins individuels des clients et sont effectu\u00e9s dans des salles de traitement priv\u00e9es et confortables. Le service de massage et de soins de corps propos\u00e9 par Billy Stays offre aux clients l&rsquo;opportunit\u00e9 de se ressourcer, de se d\u00e9tendre et de profiter pleinement de leur s\u00e9jour T\u00e9l\u00e9charger nos tarifs(PDF) Massage &#8211; Massage Signature (45mn) 400DH &#8211; Massage Relaxant (60mn) 500DH &#8211; Massage Tonique (60mn) 600DH &#8211; Massage Sportif (60mn) 700DH Soins de Visage &#038; Corp &#8211; Botanika : Soin \u00e9clat &#8211; 60 mn 500 MAD &#8211; Afoulk : Soin naturel adapt\u00e9 \u00e0 tout type de peau aux roduits locaux, naturel, bio &#8211; 60 mn 800 MAD -Lifting : Essences de Marrakech, anti rides et anti -relachement, Lifting KOBIDO &#8211; 90 mn 1100 MAD Soins Mains &#038; Pieds &#8211; Manucure &#038; pose vernis &#8211; 30 mn 200 MAD &#8211; P\u00e9dicure &#038; pose vernis 250 MAD &#8211; Vernis semi permanent &#8211; Mains 350 MAD &#8211; D\u00e9pose vernis semi permanent 100 MAD Hammam &#8211; Traditionnel : Gommage au savon noire &#8211; 30 mn 300 MAD &#8211; Royal : Gommage au savon noire, Enveloppement au caf\u00e9, Savonnage, Modelage &#8211; 60mn 650 MAD &#8211; Berb\u00e8re : Gommage au savon noire, Enveloppement Ghassoul, Savonnage &#8211; 45 mn 500 MAD<\/p>","protected":false},"author":95,"featured_media":0,"parent":0,"menu_order":0,"comment_status":"closed","ping_status":"closed","template":"elementor_header_footer","meta":{"_acf_changed":false,"_monsterinsights_skip_tracking":false,"_monsterinsights_sitenote_active":false,"_monsterinsights_sitenote_note":"","_monsterinsights_sitenote_category":0,"_glsr_average":0,"_glsr_ranking":0,"_glsr_reviews":0,"footnotes":""},"class_list":["post-10841","page","type-page","status-publish","has-post-thumbnail","hentry"],"acf":[],"_links":{"self":[{"href":"https:\/\/www.billystays.com\/en\/wp-json\/wp\/v2\/pages\/10841","targetHints":{"allow":["GET"]}}],"collection":[{"href":"https:\/\/www.billystays.com\/en\/wp-json\/wp\/v2\/pages"}],"about":[{"href":"https:\/\/www.billystays.com\/en\/wp-json\/wp\/v2\/types\/page"}],"author":[{"embeddable":true,"href":"https:\/\/www.billystays.com\/en\/wp-json\/wp\/v2\/users\/95"}],"replies":[{"embeddable":true,"href":"https:\/\/www.billystays.com\/en\/wp-json\/wp\/v2\/comments?post=10841"}],"version-history":[{"count":0,"href":"https:\/\/www.billystays.com\/en\/wp-json\/wp\/v2\/pages\/10841\/revisions"}],"wp:attachment":[{"href":"https:\/\/www.billystays.com\/en\/wp-json\/wp\/v2\/media?parent=10841"}],"curies":[{"name":"wp","href":"https:\/\/api.w.org\/{rel}","templated":true}]}}