
    {"id":10840,"date":"2024-04-16T14:54:43","date_gmt":"2024-04-16T12:54:43","guid":{"rendered":"https:\/\/www.billystays.com\/?page_id=10840"},"modified":"2025-03-22T22:26:09","modified_gmt":"2025-03-22T22:26:09","slug":"service-hotelier","status":"publish","type":"page","link":"https:\/\/www.billystays.com\/en\/service-hotelier\/","title":{"rendered":"Hotel service"},"content":{"rendered":"<div data-elementor-type=\"wp-page\" data-elementor-id=\"10840\" class=\"elementor elementor-10840\">\n\t\t\t\t<div class=\"elementor-element elementor-element-c52db72 e-con-full e-flex wpr-particle-no wpr-jarallax-no wpr-parallax-no wpr-sticky-section-no e-con e-parent\" data-id=\"c52db72\" data-element_type=\"container\" data-e-type=\"container\">\n\t\t\t\t<div class=\"elementor-element elementor-element-0d55107 imag_caroussel elementor-arrows-position-inside elementor-widget elementor-widget-image-carousel\" data-id=\"0d55107\" data-element_type=\"widget\" data-e-type=\"widget\" data-settings=\"{&quot;slides_to_show&quot;:&quot;1&quot;,&quot;navigation&quot;:&quot;arrows&quot;,&quot;autoplay&quot;:&quot;yes&quot;,&quot;pause_on_hover&quot;:&quot;yes&quot;,&quot;pause_on_interaction&quot;:&quot;yes&quot;,&quot;autoplay_speed&quot;:5000,&quot;infinite&quot;:&quot;yes&quot;,&quot;effect&quot;:&quot;slide&quot;,&quot;speed&quot;:500}\" data-widget_type=\"image-carousel.default\">\n\t\t\t\t<div class=\"elementor-widget-container\">\n\t\t\t\t\t\t\t<div class=\"elementor-image-carousel-wrapper swiper\" role=\"region\" aria-roledescription=\"carousel\" aria-label=\"Carrousel d\u2019images\" dir=\"ltr\">\n\t\t\t<div class=\"elementor-image-carousel swiper-wrapper swiper-image-stretch\" aria-live=\"off\">\n\t\t\t\t\t\t\t\t<div class=\"swiper-slide\" role=\"group\" aria-roledescription=\"slide\" aria-label=\"1 of 3\"><figure class=\"swiper-slide-inner\"><img decoding=\"async\" class=\"swiper-slide-image\" src=\"https:\/\/www.billystays.com\/wp-content\/uploads\/2025\/02\/i.webp\" alt=\"i\" \/><\/figure><\/div><div class=\"swiper-slide\" role=\"group\" aria-roledescription=\"slide\" aria-label=\"2 of 3\"><figure class=\"swiper-slide-inner\"><img decoding=\"async\" class=\"swiper-slide-image\" src=\"https:\/\/www.billystays.com\/wp-content\/uploads\/2025\/02\/metier-agent-de-service-hotelier-formadom-formation-en-ligne-medico-social.webp\" alt=\"metier-agent-de-service-hotelier-formadom-formation-en-ligne-medico-social\" \/><\/figure><\/div><div class=\"swiper-slide\" role=\"group\" aria-roledescription=\"slide\" aria-label=\"3 of 3\"><figure class=\"swiper-slide-inner\"><img decoding=\"async\" class=\"swiper-slide-image\" src=\"https:\/\/www.billystays.com\/wp-content\/uploads\/2025\/02\/mFcTwdY1fc0.jpg\" alt=\"mFcTwdY1fc0\" \/><\/figure><\/div>\t\t\t<\/div>\n\t\t\t\t\t\t\t\t\t\t\t\t<div class=\"elementor-swiper-button elementor-swiper-button-prev\" role=\"button\" tabindex=\"0\">\n\t\t\t\t\t\t<i aria-hidden=\"true\" class=\"eicon-chevron-left\"><\/i>\t\t\t\t\t<\/div>\n\t\t\t\t\t<div class=\"elementor-swiper-button elementor-swiper-button-next\" role=\"button\" tabindex=\"0\">\n\t\t\t\t\t\t<i aria-hidden=\"true\" class=\"eicon-chevron-right\"><\/i>\t\t\t\t\t<\/div>\n\t\t\t\t\n\t\t\t\t\t\t\t\t\t<\/div>\n\t\t\t\t\t\t<\/div>\n\t\t\t\t<\/div>\n\t\t\t\t<div class=\"elementor-element elementor-element-4269e71 h1_absol elementor-widget elementor-widget-heading\" data-id=\"4269e71\" data-element_type=\"widget\" data-e-type=\"widget\" data-widget_type=\"heading.default\">\n\t\t\t\t<div class=\"elementor-widget-container\">\n\t\t\t\t\t<h1 class=\"elementor-heading-title elementor-size-default\">Hotel service\n<\/h1>\t\t\t\t<\/div>\n\t\t\t\t<\/div>\n\t\t\t\t<\/div>\n\t\t\t\t<section class=\"elementor-section elementor-top-section elementor-element elementor-element-27d2f1f elementor-section-boxed elementor-section-height-default elementor-section-height-default wpr-particle-no wpr-jarallax-no wpr-parallax-no wpr-sticky-section-no\" data-id=\"27d2f1f\" data-element_type=\"section\" data-e-type=\"section\">\n\t\t\t\t\t\t<div class=\"elementor-container elementor-column-gap-default\">\n\t\t\t\t\t<div class=\"elementor-column elementor-col-100 elementor-top-column elementor-element elementor-element-af6ec00\" data-id=\"af6ec00\" data-element_type=\"column\" data-e-type=\"column\">\n\t\t\t<div class=\"elementor-widget-wrap elementor-element-populated\">\n\t\t\t\t\t\t<div class=\"elementor-element elementor-element-107d1b3 elementor-widget elementor-widget-heading\" data-id=\"107d1b3\" data-element_type=\"widget\" data-e-type=\"widget\" data-widget_type=\"heading.default\">\n\t\t\t\t<div class=\"elementor-widget-container\">\n\t\t\t\t\t<h2 class=\"elementor-heading-title elementor-size-default\">We offer personalized, attentive service in your villa<\/h2>\t\t\t\t<\/div>\n\t\t\t\t<\/div>\n\t\t\t\t<div class=\"elementor-element elementor-element-fcd8c08 elementor-widget elementor-widget-text-editor\" data-id=\"fcd8c08\" data-element_type=\"widget\" data-e-type=\"widget\" data-widget_type=\"text-editor.default\">\n\t\t\t\t<div class=\"elementor-widget-container\">\n\t\t\t\t\t\t\t\t\t<p>When you book one of our carefully selected villas, you'll benefit from our full hotel service for a carefree stay. You'll be assisted daily by a housekeeper or butler who will be on hand to attend to your every need. The bathrooms are equipped with top-of-the-range toiletries, such as shower gels, soaps, shampoos and cotton buds. What's more, the villa will be cleaned daily, allowing you to relax and enjoy your stay as if you were staying in a luxury hotel.<\/p><p>Our concierge service is also at your disposal to organize activities such as excursions or reservations at the region's best restaurants.<\/p><p>Most of our housekeepers and butlers have been with us for many years and are experts in their field, ensuring that your stay is as pleasant as possible. In addition to their daily duties, they also monitor the villa to make sure everything is running smoothly and avoid any problems that could affect your experience.<\/p><p>If you opt for one of our meal packages, you'll also benefit from the services of a cook and the presence of the housekeeper for table service. We highly recommend this option for a perfectly successful stay.<\/p><p>With us, you're guaranteed a perfect stay, without having to worry about housework or cooking. Book one of our magnificent villas now for an unforgettable vacation in Marrakech.<\/p>\t\t\t\t\t\t\t\t<\/div>\n\t\t\t\t<\/div>\n\t\t\t\t\t<\/div>\n\t\t<\/div>\n\t\t\t\t\t<\/div>\n\t\t<\/section>\n\t\t<div class=\"elementor-element elementor-element-4c62091 e-con-full e-flex wpr-particle-no wpr-jarallax-no wpr-parallax-no wpr-sticky-section-no e-con e-parent\" data-id=\"4c62091\" data-element_type=\"container\" data-e-type=\"container\">\n\t\t\t\t<div class=\"elementor-element elementor-element-6eec3c9 slider_repas elementor-widget elementor-widget-sina_banner_slider\" data-id=\"6eec3c9\" data-element_type=\"widget\" data-e-type=\"widget\" data-widget_type=\"sina_banner_slider.default\">\n\t\t\t\t<div class=\"elementor-widget-container\">\n\t\t\t\t\t\t\t<div class=\"sina-banner-slider owl-carousel\"\r\n\t\tdata-autoplay=\"yes\"\r\n\t\tdata-pause=\"yes\"\r\n\t\tdata-nav=\"yes\"\r\n\t\tdata-dots=\"yes\"\r\n\t\tdata-mouse-drag=\"yes\"\r\n\t\tdata-touch-drag=\"yes\"\r\n\t\tdata-loop=\"yes\"\r\n\t\tdata-speed=\"\"\r\n\t\tdata-part-anim=\"yes\"\r\n\t\tdata-delay=\"5000\">\r\n\r\n\t\t\t\t\t\t\t<div class=\"sina-slider-content sina-bg-cover\" style=\"background-image: url(https:\/\/www.billystays.com\/wp-content\/uploads\/2025\/02\/mFcTwdY1fc0.jpg);\">\r\n\t\t\t\t\t\t\t\t\t\t\t<div class=\"sina-overlay\"><\/div>\r\n\t\t\t\t\t\r\n\t\t\t\t\t<div class=\"sina-banner-container elementor-repeater-item-edad1e5\">\r\n\r\n\t\t\t\t\t\t\t\t\t\t\t\t\t\t\t\t\t\t\t\t<h2 class=\"sina-banner-title sina-anim-invisible\" data-animation=\"animated fadeInLeft\">Men's major<\/h2>\t\t\t\t\t\t\r\n\t\t\t\t\t\t\r\n\t\t\t\t\t\t\t\t\t\t\t\t\t<div class=\"sina-banner-desc sina-anim-invisible\" data-animation=\"animated fadeInUp\">Our Butler service is designed to meet all your property management needs, giving you total peace of mind and an easier, more enjoyable life.\n\n\n<br>\n<span class-\"price_menu\">Price of service\n60\u20ac \/day<\/span><\/div>\t\t\t\t\t\t\r\n\t\t\t\t\t\t\t\t\t\t\t<\/div>\r\n\t\t\t\t<\/div>\r\n\t\t\t\t\t\t\t<div class=\"sina-slider-content sina-bg-cover\" style=\"background-image: url(https:\/\/www.billystays.com\/wp-content\/uploads\/2025\/02\/7hHOpccuB18.jpg);\">\r\n\t\t\t\t\t\t\t\t\t\t\t<div class=\"sina-overlay\"><\/div>\r\n\t\t\t\t\t\r\n\t\t\t\t\t<div class=\"sina-banner-container elementor-repeater-item-ac37d95\">\r\n\r\n\t\t\t\t\t\t\t\t\t\t\t\t\t\t\t\t\t\t\t\t<h2 class=\"sina-banner-title sina-anim-invisible\" data-animation=\"animated fadeInLeft\">Bartender<\/h2>\t\t\t\t\t\t\r\n\t\t\t\t\t\t\r\n\t\t\t\t\t\t\t\t\t\t\t\t\t<div class=\"sina-banner-desc sina-anim-invisible\" data-animation=\"animated fadeInUp\">With your personal bartender in your villa, you can relax and enjoy your stay, knowing you'll be well looked after with top-quality cocktails and professional service.\n\n<br>\n<span class-\"price_menu\">Price of service\n60\u20ac \/day<\/span><\/div>\t\t\t\t\t\t\r\n\t\t\t\t\t\t\t\t\t\t\t<\/div>\r\n\t\t\t\t<\/div>\r\n\t\t\t\t\t\t\t<div class=\"sina-slider-content sina-bg-cover\" style=\"background-image: url(https:\/\/www.billystays.com\/wp-content\/uploads\/2025\/02\/co1sr0u0b5tk7cdp85tg.jpg);\">\r\n\t\t\t\t\t\t\t\t\t\t\t<div class=\"sina-overlay\"><\/div>\r\n\t\t\t\t\t\r\n\t\t\t\t\t<div class=\"sina-banner-container elementor-repeater-item-7930d54\">\r\n\r\n\t\t\t\t\t\t\t\t\t\t\t\t\t\t\t\t\t\t\t\t<h2 class=\"sina-banner-title sina-anim-invisible\" data-animation=\"animated fadeInLeft\">Chef<\/h2>\t\t\t\t\t\t\r\n\t\t\t\t\t\t\r\n\t\t\t\t\t\t\t\t\t\t\t\t\t<div class=\"sina-banner-desc sina-anim-invisible\" data-animation=\"animated fadeInUp\">Your chef takes care of all culinary tasks, from preparing the ingredients to presenting the dishes. He also ensures that your kitchen stays clean and tidy during and after service.\n\n\n\n<br>\n<span class-\"price_menu\">Price of service\n120\u20ac \/day<\/span><\/div>\t\t\t\t\t\t\r\n\t\t\t\t\t\t\t\t\t\t\t<\/div>\r\n\t\t\t\t<\/div>\r\n\t\t\t\t\t\t\t<div class=\"sina-slider-content sina-bg-cover\" style=\"background-image: url(https:\/\/www.billystays.com\/wp-content\/uploads\/2025\/02\/i.webp);\">\r\n\t\t\t\t\t\t\t\t\t\t\t<div class=\"sina-overlay\"><\/div>\r\n\t\t\t\t\t\r\n\t\t\t\t\t<div class=\"sina-banner-container elementor-repeater-item-8f40f1d\">\r\n\r\n\t\t\t\t\t\t\t\t\t\t\t\t\t\t\t\t\t\t\t\t<h2 class=\"sina-banner-title sina-anim-invisible\" data-animation=\"animated fadeInLeft\">Housekeeper<\/h2>\t\t\t\t\t\t\r\n\t\t\t\t\t\t\r\n\t\t\t\t\t\t\t\t\t\t\t\t\t<div class=\"sina-banner-desc sina-anim-invisible\" data-animation=\"animated fadeInUp\">As housekeeper, she offers a full range of services to meet your needs, including managing the general cleanliness and maintenance of the villa, preparing rooms, laundry and ironing, as well as managing villa supplies such as towels, sheets and toiletries.\n\n<br>\n<span class-\"price_menu\">Price of service\n60\u20ac \/day<\/span><\/div>\t\t\t\t\t\t\r\n\t\t\t\t\t\t\t\t\t\t\t<\/div>\r\n\t\t\t\t<\/div>\r\n\t\t\t\t\t<\/div><!-- .sina-banner-slider -->\r\n\t\t\t\t\t\t<\/div>\n\t\t\t\t<\/div>\n\t\t\t\t<\/div>\n\t\t\t\t<section class=\"elementor-section elementor-top-section elementor-element elementor-element-f00c437 elementor-section-boxed elementor-section-height-default elementor-section-height-default wpr-particle-no wpr-jarallax-no wpr-parallax-no wpr-sticky-section-no\" data-id=\"f00c437\" data-element_type=\"section\" data-e-type=\"section\">\n\t\t\t\t\t\t<div class=\"elementor-container elementor-column-gap-default\">\n\t\t\t\t\t<div class=\"elementor-column elementor-col-100 elementor-top-column elementor-element elementor-element-7a35045\" data-id=\"7a35045\" data-element_type=\"column\" data-e-type=\"column\">\n\t\t\t<div class=\"elementor-widget-wrap elementor-element-populated\">\n\t\t\t\t\t\t<div class=\"elementor-element elementor-element-98078fb elementor-widget elementor-widget-text-editor\" data-id=\"98078fb\" data-element_type=\"widget\" data-e-type=\"widget\" data-widget_type=\"text-editor.default\">\n\t\t\t\t<div class=\"elementor-widget-container\">\n\t\t\t\t\t\t\t\t\t<p>We highly recommend this option, which is your guarantee of a successful stay.<br \/>What's more, we offer you the luxury of not having to do any daily chores while you're on vacation. And above all, no errands, no cooking, no cleaning... At last, a real vacation!<\/p>\t\t\t\t\t\t\t\t<\/div>\n\t\t\t\t<\/div>\n\t\t\t\t\t<\/div>\n\t\t<\/div>\n\t\t\t\t\t<\/div>\n\t\t<\/section>\n\t\t\t\t<\/div>","protected":false},"excerpt":{"rendered":"<p>Service h\u00f4telier Nous vous proposons un service personnalis\u00e9 et attentif dans votre villa En r\u00e9servant l&rsquo;une de nos villas soigneusement s\u00e9lectionn\u00e9es, vous b\u00e9n\u00e9ficierez de notre service h\u00f4telier complet pour un s\u00e9jour sans soucis. Vous serez assist\u00e9 quotidiennement par une gouvernante ou un majordome qui sera \u00e0 votre disposition pour r\u00e9pondre \u00e0 tous vos besoins. Les salles de bains sont \u00e9quip\u00e9es d&rsquo;articles de toilette haut de gamme, tels que des gels douche, des savons, des shampoings et des cotons-tiges. En outre, la villa sera nettoy\u00e9e tous les jours, vous permettant de vous d\u00e9tendre et de profiter de votre s\u00e9jour comme si vous \u00e9tiez dans un h\u00f4tel de luxe. Notre service de conciergerie est \u00e9galement \u00e0 votre disposition pour organiser des activit\u00e9s telles que des excursions ou des r\u00e9servations dans les meilleurs restaurants de la r\u00e9gion. La plupart de nos gouvernantes et nos majordomes travaillent avec nous depuis de nombreuses ann\u00e9es et sont des experts dans leur domaine, assurant que votre s\u00e9jour soit aussi agr\u00e9able que possible. En plus de leurs t\u00e2ches quotidiennes, ils surveillent aussi la villa pour s&rsquo;assurer que tout fonctionne correctement et \u00e9viter tout probl\u00e8me qui pourrait affecter votre exp\u00e9rience. Si vous optez pour l&rsquo;une de nos formules repas, vous b\u00e9n\u00e9ficierez aussi des services d&rsquo;un cuisinier et de la pr\u00e9sence de la gouvernante pour le service \u00e0 table. Nous vous recommandons vivement cette option pour un s\u00e9jour parfaitement r\u00e9ussi. Chez nous, vous avez la garantie d&rsquo;un s\u00e9jour parfaitement r\u00e9ussi, sans avoir \u00e0 vous soucier des t\u00e2ches m\u00e9nag\u00e8res ou de la cuisine. R\u00e9servez d\u00e8s maintenant l&rsquo;une de nos magnifiques villas pour des vacances inoubliables \u00e0 Marrakech. Major d&rsquo;homme\u200b Notre service de Majordome est con\u00e7u pour r\u00e9pondre \u00e0 tous vos besoins en mati\u00e8re de gestion de propri\u00e9t\u00e9, en vous offrant une tranquillit\u00e9 d&rsquo;esprit totale et une vie plus facile et plus agr\u00e9able. Prix de Prestation 60\u20ac \/jour Barman Votre barman personnel dans votre villa, vous pouvez vous d\u00e9tendre et profiter pleinement de votre sejour, en sachant que vous serez bien pris en charge avec des cocktails de qualit\u00e9 sup\u00e9rieure et un service professionnel. Prix de Prestation 60\u20ac \/jour Chef Votre chef s&rsquo;occupe de toutes les t\u00e2ches culinaires, de la pr\u00e9paration des ingr\u00e9dients \u00e0 la pr\u00e9sentation des plats. Il veille \u00e9galement \u00e0 ce que votre cuisine reste propre et bien rang\u00e9e pendant et apr\u00e8s le service. Prix de Prestation 120\u20ac \/jour Gouvernante En tant que gouvernante, elle offre une gamme compl\u00e8te de services pour r\u00e9pondre \u00e0 vos besoins, notamment la gestion de la propret\u00e9 et de l&rsquo;entretien g\u00e9n\u00e9ral de la villa, la pr\u00e9paration des chambres, la lessive et le repassage, ainsi que la gestion des fournitures de la villa, tels que les serviettes, les draps et les produits de toilette. Prix de Prestation 60\u20ac \/jour Nous vous conseillons vivement cette option qui est la garantie pour vous, d\u2019un s\u00e9jour r\u00e9ussi.De plus, ne pas avoir \u00e0 r\u00e9aliser de t\u00e2ches quotidiennes le temps des vacances est un luxe que nous vous proposons. Et surtout, pas de course, pas de cuisine, pas de m\u00e9nage&#8230; Enfin de vraies vacances !<\/p>","protected":false},"author":95,"featured_media":0,"parent":0,"menu_order":0,"comment_status":"closed","ping_status":"closed","template":"elementor_header_footer","meta":{"_acf_changed":false,"_monsterinsights_skip_tracking":false,"_monsterinsights_sitenote_active":false,"_monsterinsights_sitenote_note":"","_monsterinsights_sitenote_category":0,"_glsr_average":0,"_glsr_ranking":0,"_glsr_reviews":0,"footnotes":""},"class_list":["post-10840","page","type-page","status-publish","has-post-thumbnail","hentry"],"acf":[],"_links":{"self":[{"href":"https:\/\/www.billystays.com\/en\/wp-json\/wp\/v2\/pages\/10840","targetHints":{"allow":["GET"]}}],"collection":[{"href":"https:\/\/www.billystays.com\/en\/wp-json\/wp\/v2\/pages"}],"about":[{"href":"https:\/\/www.billystays.com\/en\/wp-json\/wp\/v2\/types\/page"}],"author":[{"embeddable":true,"href":"https:\/\/www.billystays.com\/en\/wp-json\/wp\/v2\/users\/95"}],"replies":[{"embeddable":true,"href":"https:\/\/www.billystays.com\/en\/wp-json\/wp\/v2\/comments?post=10840"}],"version-history":[{"count":0,"href":"https:\/\/www.billystays.com\/en\/wp-json\/wp\/v2\/pages\/10840\/revisions"}],"wp:attachment":[{"href":"https:\/\/www.billystays.com\/en\/wp-json\/wp\/v2\/media?parent=10840"}],"curies":[{"name":"wp","href":"https:\/\/api.w.org\/{rel}","templated":true}]}}