
    {"id":10767,"date":"2024-04-16T12:11:57","date_gmt":"2024-04-16T10:11:57","guid":{"rendered":"https:\/\/www.billystays.com\/?page_id=10767"},"modified":"2025-04-09T11:48:54","modified_gmt":"2025-04-09T10:48:54","slug":"service-repas","status":"publish","type":"page","link":"https:\/\/www.billystays.com\/en\/service-repas\/","title":{"rendered":"Meal service"},"content":{"rendered":"<div data-elementor-type=\"wp-page\" data-elementor-id=\"10767\" class=\"elementor elementor-10767\">\n\t\t\t\t<div class=\"elementor-element elementor-element-e495b9a e-con-full e-flex wpr-particle-no wpr-jarallax-no wpr-parallax-no wpr-sticky-section-no e-con e-parent\" data-id=\"e495b9a\" data-element_type=\"container\" data-e-type=\"container\">\n\t\t\t\t<div class=\"elementor-element elementor-element-3e37006 imag_caroussel elementor-arrows-position-inside elementor-widget elementor-widget-image-carousel\" data-id=\"3e37006\" data-element_type=\"widget\" data-e-type=\"widget\" data-settings=\"{&quot;slides_to_show&quot;:&quot;1&quot;,&quot;navigation&quot;:&quot;arrows&quot;,&quot;autoplay&quot;:&quot;yes&quot;,&quot;pause_on_hover&quot;:&quot;yes&quot;,&quot;pause_on_interaction&quot;:&quot;yes&quot;,&quot;autoplay_speed&quot;:5000,&quot;infinite&quot;:&quot;yes&quot;,&quot;effect&quot;:&quot;slide&quot;,&quot;speed&quot;:500}\" data-widget_type=\"image-carousel.default\">\n\t\t\t\t<div class=\"elementor-widget-container\">\n\t\t\t\t\t\t\t<div class=\"elementor-image-carousel-wrapper swiper\" role=\"region\" aria-roledescription=\"carousel\" aria-label=\"Carrousel d\u2019images\" dir=\"ltr\">\n\t\t\t<div class=\"elementor-image-carousel swiper-wrapper swiper-image-stretch\" aria-live=\"off\">\n\t\t\t\t\t\t\t\t<div class=\"swiper-slide\" role=\"group\" aria-roledescription=\"slide\" aria-label=\"1 sur 3\" data-no-translation-aria-label=\"\"><figure class=\"swiper-slide-inner\"><img decoding=\"async\" class=\"swiper-slide-image\" src=\"https:\/\/www.billystays.com\/wp-content\/uploads\/2025\/02\/1200px-Arabic-Shells-Dips-Sauces-Dumplings-Appetizers-Vegetables-1626976.jpg\" alt=\"1200px-Arabic-Shells-Dips-Sauces-Dumplings-Appetizers-Vegetables-1626976\" \/><\/figure><\/div><div class=\"swiper-slide\" role=\"group\" aria-roledescription=\"slide\" aria-label=\"2 sur 3\" data-no-translation-aria-label=\"\"><figure class=\"swiper-slide-inner\"><img decoding=\"async\" class=\"swiper-slide-image\" src=\"https:\/\/www.billystays.com\/wp-content\/uploads\/2025\/02\/eda-scaled.jpg\" alt=\"eda\" \/><\/figure><\/div><div class=\"swiper-slide\" role=\"group\" aria-roledescription=\"slide\" aria-label=\"3 sur 3\" data-no-translation-aria-label=\"\"><figure class=\"swiper-slide-inner\"><img decoding=\"async\" class=\"swiper-slide-image\" src=\"https:\/\/www.billystays.com\/wp-content\/uploads\/2025\/02\/maxresdefault-1.jpg\" alt=\"maxresdefault\" \/><\/figure><\/div>\t\t\t<\/div>\n\t\t\t\t\t\t\t\t\t\t\t\t<div class=\"elementor-swiper-button elementor-swiper-button-prev\" role=\"button\" tabindex=\"0\">\n\t\t\t\t\t\t<i aria-hidden=\"true\" class=\"eicon-chevron-left\"><\/i>\t\t\t\t\t<\/div>\n\t\t\t\t\t<div class=\"elementor-swiper-button elementor-swiper-button-next\" role=\"button\" tabindex=\"0\">\n\t\t\t\t\t\t<i aria-hidden=\"true\" class=\"eicon-chevron-right\"><\/i>\t\t\t\t\t<\/div>\n\t\t\t\t\n\t\t\t\t\t\t\t\t\t<\/div>\n\t\t\t\t\t\t<\/div>\n\t\t\t\t<\/div>\n\t\t\t\t<div class=\"elementor-element elementor-element-1c701b8 h1_absol elementor-widget elementor-widget-heading\" data-id=\"1c701b8\" data-element_type=\"widget\" data-e-type=\"widget\" data-widget_type=\"heading.default\">\n\t\t\t\t<div class=\"elementor-widget-container\">\n\t\t\t\t\t<h1 class=\"elementor-heading-title elementor-size-default\">Meal service\n<\/h1>\t\t\t\t<\/div>\n\t\t\t\t<\/div>\n\t\t\t\t<\/div>\n\t\t\t\t<section class=\"elementor-section elementor-top-section elementor-element elementor-element-6732a3f elementor-section-boxed elementor-section-height-default elementor-section-height-default wpr-particle-no wpr-jarallax-no wpr-parallax-no wpr-sticky-section-no\" data-id=\"6732a3f\" data-element_type=\"section\" data-e-type=\"section\">\n\t\t\t\t\t\t<div class=\"elementor-container elementor-column-gap-default\">\n\t\t\t\t\t<div class=\"elementor-column elementor-col-100 elementor-top-column elementor-element elementor-element-a22e7d6\" data-id=\"a22e7d6\" data-element_type=\"column\" data-e-type=\"column\">\n\t\t\t<div class=\"elementor-widget-wrap elementor-element-populated\">\n\t\t\t\t\t\t<div class=\"elementor-element elementor-element-1cacd1b elementor-widget elementor-widget-heading\" data-id=\"1cacd1b\" data-element_type=\"widget\" data-e-type=\"widget\" data-widget_type=\"heading.default\">\n\t\t\t\t<div class=\"elementor-widget-container\">\n\t\t\t\t\t<h2 class=\"elementor-heading-title elementor-size-default\">Enjoy meal service in your Villa!<\/h2>\t\t\t\t<\/div>\n\t\t\t\t<\/div>\n\t\t\t\t<div class=\"elementor-element elementor-element-3a21890 elementor-widget elementor-widget-text-editor\" data-id=\"3a21890\" data-element_type=\"widget\" data-e-type=\"widget\" data-widget_type=\"text-editor.default\">\n\t\t\t\t<div class=\"elementor-widget-container\">\n\t\t\t\t\t\t\t\t\t<p>When you stay in your private villa in Marrakech, let us take care of all your culinary needs. Our bespoke dining service offers you an unforgettable gastronomic experience, with fresh, tasty dishes prepared by our talented chefs. We are passionate about the quality of our ingredients, ensuring that only the freshest and tastiest local produce is used. Our commitment to freshness is unwavering, which is why we never freeze our food. We take care of everything, from purchasing ingredients to preparing dishes and cleaning up, so you can relax and enjoy your private villa to the full. With our in-villa dining service, you can discover the authentic flavors of Moroccan cuisine and enjoy a unique and memorable culinary experience.<\/p>\t\t\t\t\t\t\t\t<\/div>\n\t\t\t\t<\/div>\n\t\t\t\t\t<\/div>\n\t\t<\/div>\n\t\t\t\t\t<\/div>\n\t\t<\/section>\n\t\t\t\t<section class=\"elementor-section elementor-top-section elementor-element elementor-element-0915136 elementor-section-boxed elementor-section-height-default elementor-section-height-default wpr-particle-no wpr-jarallax-no wpr-parallax-no wpr-sticky-section-no\" data-id=\"0915136\" data-element_type=\"section\" data-e-type=\"section\">\n\t\t\t\t\t\t<div class=\"elementor-container elementor-column-gap-default\">\n\t\t\t\t\t<div class=\"elementor-column elementor-col-100 elementor-top-column elementor-element elementor-element-6ec361c\" data-id=\"6ec361c\" data-element_type=\"column\" data-e-type=\"column\">\n\t\t\t<div class=\"elementor-widget-wrap elementor-element-populated\">\n\t\t\t\t\t\t<div class=\"elementor-element elementor-element-4549ca4 elementor-widget elementor-widget-heading\" data-id=\"4549ca4\" data-element_type=\"widget\" data-e-type=\"widget\" data-widget_type=\"heading.default\">\n\t\t\t\t<div class=\"elementor-widget-container\">\n\t\t\t\t\t<h2 class=\"elementor-heading-title elementor-size-default\">Purchase and deliveries of alcohol in Marrakech:<\/h2>\t\t\t\t<\/div>\n\t\t\t\t<\/div>\n\t\t\t\t<div class=\"elementor-element elementor-element-4b7ffcc elementor-widget elementor-widget-text-editor\" data-id=\"4b7ffcc\" data-element_type=\"widget\" data-e-type=\"widget\" data-widget_type=\"text-editor.default\">\n\t\t\t\t<div class=\"elementor-widget-container\">\n\t\t\t\t\t\t\t\t\t<p>For alcohol, you can bring your bottles from your country of origin to our villas or buy them on site in Marrakech in approved establishments.<\/p><p>You can also have your order delivered to the villa.<\/p>\t\t\t\t\t\t\t\t<\/div>\n\t\t\t\t<\/div>\n\t\t\t\t\t<\/div>\n\t\t<\/div>\n\t\t\t\t\t<\/div>\n\t\t<\/section>\n\t\t\t\t<section class=\"elementor-section elementor-top-section elementor-element elementor-element-bb8fea3 elementor-section-boxed elementor-section-height-default elementor-section-height-default wpr-particle-no wpr-jarallax-no wpr-parallax-no wpr-sticky-section-no\" data-id=\"bb8fea3\" data-element_type=\"section\" data-e-type=\"section\">\n\t\t\t\t\t\t<div class=\"elementor-container elementor-column-gap-default\">\n\t\t\t\t\t<div class=\"elementor-column elementor-col-100 elementor-top-column elementor-element elementor-element-60afaf9\" data-id=\"60afaf9\" data-element_type=\"column\" data-e-type=\"column\">\n\t\t\t<div class=\"elementor-widget-wrap elementor-element-populated\">\n\t\t\t\t\t\t<div class=\"elementor-element elementor-element-fb733b4 elementor-align-center elementor-widget elementor-widget-button\" data-id=\"fb733b4\" data-element_type=\"widget\" data-e-type=\"widget\" data-widget_type=\"button.default\">\n\t\t\t\t<div class=\"elementor-widget-container\">\n\t\t\t\t\t\t\t\t\t<div class=\"elementor-button-wrapper\">\n\t\t\t\t\t<a class=\"elementor-button elementor-button-link elementor-size-sm\" href=\"https:\/\/www.billystays.com\/wp-content\/uploads\/2025\/04\/MENU-3-1.pdf\" rel=\"nofollow\" download=\"\">\n\t\t\t\t\t\t<span class=\"elementor-button-content-wrapper\">\n\t\t\t\t\t\t\t\t\t<span class=\"elementor-button-text\">Download our detailed menu (PDF)<\/span>\n\t\t\t\t\t<\/span>\n\t\t\t\t\t<\/a>\n\t\t\t\t<\/div>\n\t\t\t\t\t\t\t\t<\/div>\n\t\t\t\t<\/div>\n\t\t\t\t\t<\/div>\n\t\t<\/div>\n\t\t\t\t\t<\/div>\n\t\t<\/section>\n\t\t<div class=\"elementor-element elementor-element-fed17bd e-con-full e-flex wpr-particle-no wpr-jarallax-no wpr-parallax-no wpr-sticky-section-no e-con e-parent\" data-id=\"fed17bd\" data-element_type=\"container\" data-e-type=\"container\">\n\t\t\t\t<div class=\"elementor-element elementor-element-1d0775d slider_repas elementor-widget elementor-widget-sina_banner_slider\" data-id=\"1d0775d\" data-element_type=\"widget\" data-e-type=\"widget\" data-widget_type=\"sina_banner_slider.default\">\n\t\t\t\t<div class=\"elementor-widget-container\">\n\t\t\t\t\t\t\t<div class=\"sina-banner-slider owl-carousel\"\r\n\t\tdata-autoplay=\"yes\"\r\n\t\tdata-pause=\"yes\"\r\n\t\tdata-nav=\"yes\"\r\n\t\tdata-dots=\"yes\"\r\n\t\tdata-mouse-drag=\"yes\"\r\n\t\tdata-touch-drag=\"yes\"\r\n\t\tdata-loop=\"yes\"\r\n\t\tdata-speed=\"\"\r\n\t\tdata-part-anim=\"yes\"\r\n\t\tdata-delay=\"5000\">\r\n\r\n\t\t\t\t\t\t\t<div class=\"sina-slider-content sina-bg-cover\" style=\"background-image: url(https:\/\/www.billystays.com\/wp-content\/uploads\/2025\/02\/unnamed.png);\">\r\n\t\t\t\t\t\t\t\t\t\t\t<div class=\"sina-overlay\"><\/div>\r\n\t\t\t\t\t\r\n\t\t\t\t\t<div class=\"sina-banner-container elementor-repeater-item-edad1e5\">\r\n\r\n\t\t\t\t\t\t\t\t\t\t\t\t\t\t\t\t\t\t\t\t<h2 class=\"sina-banner-title sina-anim-invisible\" data-animation=\"animated fadeInLeft\">Breakfast<\/h2>\t\t\t\t\t\t\r\n\t\t\t\t\t\t\t\t\t\t\t\t\t<h5 class=\"sina-banner-subtitle sina-anim-invisible\" data-animation=\"animated fadeInRight\">Menu<\/h5>\t\t\t\t\t\t\r\n\t\t\t\t\t\t\t\t\t\t\t\t\t<div class=\"sina-banner-desc sina-anim-invisible\" data-animation=\"animated fadeInUp\">Tea, coffee, orange juice, yoghurt, seasonal fruit, homemade bread, Moroccan pancakes (msemen, baghrir), harcha, Nutella pancakes, toast, cheese, eggs, omelette, jben, charcuterie, butter, jam, honey, olive oil. Or we can adapt to customer preferences.\n<br>\n<span class-\"price_menu\">Price per person: \u20ac15\n<\/span><\/div>\t\t\t\t\t\t\r\n\t\t\t\t\t\t\t\t\t\t\t<\/div>\r\n\t\t\t\t<\/div>\r\n\t\t\t\t\t\t\t<div class=\"sina-slider-content sina-bg-cover\" style=\"background-image: url(https:\/\/www.billystays.com\/wp-content\/uploads\/2025\/02\/1200px-Arabic-Shells-Dips-Sauces-Dumplings-Appetizers-Vegetables-1626976.jpg);\">\r\n\t\t\t\t\t\t\t\t\t\t\t<div class=\"sina-overlay\"><\/div>\r\n\t\t\t\t\t\r\n\t\t\t\t\t<div class=\"sina-banner-container elementor-repeater-item-59dcf06\">\r\n\r\n\t\t\t\t\t\t\t\t\t\t\t\t\t\t\t\t\t\t\t\t<h2 class=\"sina-banner-title sina-anim-invisible\" data-animation=\"animated fadeInLeft\">Lunch<\/h2>\t\t\t\t\t\t\r\n\t\t\t\t\t\t\t\t\t\t\t\t\t<h5 class=\"sina-banner-subtitle sina-anim-invisible\" data-animation=\"animated fadeInRight\">Menu<\/h5>\t\t\t\t\t\t\r\n\t\t\t\t\t\t\t\t\t\t\t\t\t<div class=\"sina-banner-desc sina-anim-invisible\" data-animation=\"animated fadeInUp\">Moroccan soup (Harira), vegetable soup, assorted Moroccan salads, chicken tagine, meat tagine with prunes, kefta tagine with tomato sauce, vegetable tagine, tanjia... etc. Or we can adapt to customer preferences.\n<br>\n<span class-\"price_menu\">Price per person: \u20ac30\n<\/span><\/div>\t\t\t\t\t\t\r\n\t\t\t\t\t\t\t\t\t\t\t<\/div>\r\n\t\t\t\t<\/div>\r\n\t\t\t\t\t\t\t<div class=\"sina-slider-content sina-bg-cover\" style=\"background-image: url(https:\/\/www.billystays.com\/wp-content\/uploads\/2025\/02\/maxresdefault.jpg);\">\r\n\t\t\t\t\t\t\t\t\t\t\t<div class=\"sina-overlay\"><\/div>\r\n\t\t\t\t\t\r\n\t\t\t\t\t<div class=\"sina-banner-container elementor-repeater-item-613c5d4\">\r\n\r\n\t\t\t\t\t\t\t\t\t\t\t\t\t\t\t\t\t\t\t\t<h2 class=\"sina-banner-title sina-anim-invisible\" data-animation=\"animated fadeInLeft\">Dinner<\/h2>\t\t\t\t\t\t\r\n\t\t\t\t\t\t\t\t\t\t\t\t\t<h5 class=\"sina-banner-subtitle sina-anim-invisible\" data-animation=\"animated fadeInRight\">Menu<\/h5>\t\t\t\t\t\t\r\n\t\t\t\t\t\t\t\t\t\t\t\t\t<div class=\"sina-banner-desc sina-anim-invisible\" data-animation=\"animated fadeInUp\">Moroccan soup (Harira), vegetable soup, assorted Moroccan salads (zaalouk, taktouka, tomato and bell pepper salad), chicken tagine with olives and preserved lemons, meat tagine with prunes and almonds, kefta tagine with tomato sauce, vegetable tagine, Marrakech tanjia, vegetable couscous, chicken pastilla, grilled meat brochettes, lamb mechoui, rfissa (chicken with lentils and msemmen), briouates (sweet and savory stuffed pastries), and makrout (semolina and date pastries). Or we can adapt to customer preferences.\n<br>\n<span class-\"price_menu\">Price per person: 35 \u20ac\n<\/span><\/div>\t\t\t\t\t\t\r\n\t\t\t\t\t\t\t\t\t\t\t<\/div>\r\n\t\t\t\t<\/div>\r\n\t\t\t\t\t\t\t<div class=\"sina-slider-content sina-bg-cover\" style=\"background-image: url(https:\/\/www.billystays.com\/wp-content\/uploads\/2025\/02\/eda-scaled.jpg);\">\r\n\t\t\t\t\t\t\t\t\t\t\t<div class=\"sina-overlay\"><\/div>\r\n\t\t\t\t\t\r\n\t\t\t\t\t<div class=\"sina-banner-container elementor-repeater-item-98be473\">\r\n\r\n\t\t\t\t\t\t\t\t\t\t\t\t\t\t\t\t\t\t\t\t<h2 class=\"sina-banner-title sina-anim-invisible\" data-animation=\"animated fadeInLeft\">Brunch<\/h2>\t\t\t\t\t\t\r\n\t\t\t\t\t\t\t\t\t\t\t\t\t<h5 class=\"sina-banner-subtitle sina-anim-invisible\" data-animation=\"animated fadeInRight\">Menu<\/h5>\t\t\t\t\t\t\r\n\t\t\t\t\t\t\t\t\t\t\t\t\t<div class=\"sina-banner-desc sina-anim-invisible\" data-animation=\"animated fadeInUp\">A Moroccan brunch combines sweet and savory flavors typical of Moroccan cuisine, often accompanied by teas and fresh juices. Here are the components of a traditional Moroccan brunch: Sweet dishes, Savory dishes, Drinks, Or we can adapt to customer preferences.\n<br>\n<span class-\"price_menu\">Price per person: 50 \u20ac\n<\/span><\/div>\t\t\t\t\t\t\r\n\t\t\t\t\t\t\t\t\t\t\t<\/div>\r\n\t\t\t\t<\/div>\r\n\t\t\t\t\t\t\t<div class=\"sina-slider-content sina-bg-cover\" style=\"background-image: url(https:\/\/www.billystays.com\/wp-content\/uploads\/2025\/02\/7cb4c5bf7a370e453c664ef3cc603df9.jpeg);\">\r\n\t\t\t\t\t\t\t\t\t\t\t<div class=\"sina-overlay\"><\/div>\r\n\t\t\t\t\t\r\n\t\t\t\t\t<div class=\"sina-banner-container elementor-repeater-item-5ca4cf9\">\r\n\r\n\t\t\t\t\t\t\t\t\t\t\t\t\t\t\t\t\t\t\t\t<h2 class=\"sina-banner-title sina-anim-invisible\" data-animation=\"animated fadeInLeft\">Full board<\/h2>\t\t\t\t\t\t\r\n\t\t\t\t\t\t\t\t\t\t\t\t\t<h5 class=\"sina-banner-subtitle sina-anim-invisible\" data-animation=\"animated fadeInRight\">Menu<\/h5>\t\t\t\t\t\t\r\n\t\t\t\t\t\t\t\t\t\t\t\t\t<div class=\"sina-banner-desc sina-anim-invisible\" data-animation=\"animated fadeInUp\"><br>\n<span class-\"price_menu\">Price per person: 75 \u20ac \n<\/span><\/div>\t\t\t\t\t\t\r\n\t\t\t\t\t\t\t\t\t\t\t<\/div>\r\n\t\t\t\t<\/div>\r\n\t\t\t\t\t\t\t<div class=\"sina-slider-content sina-bg-cover\" style=\"background-image: url(https:\/\/www.billystays.com\/wp-content\/uploads\/2025\/02\/restaurant-hotel.jpg);\">\r\n\t\t\t\t\t\t\t\t\t\t\t<div class=\"sina-overlay\"><\/div>\r\n\t\t\t\t\t\r\n\t\t\t\t\t<div class=\"sina-banner-container elementor-repeater-item-78be926\">\r\n\r\n\t\t\t\t\t\t\t\t\t\t\t\t\t\t\t\t\t\t\t\t<h2 class=\"sina-banner-title sina-anim-invisible\" data-animation=\"animated fadeInLeft\">Half-board<\/h2>\t\t\t\t\t\t\r\n\t\t\t\t\t\t\t\t\t\t\t\t\t<h5 class=\"sina-banner-subtitle sina-anim-invisible\" data-animation=\"animated fadeInRight\">Menu<\/h5>\t\t\t\t\t\t\r\n\t\t\t\t\t\t\t\t\t\t\t\t\t<div class=\"sina-banner-desc sina-anim-invisible\" data-animation=\"animated fadeInUp\"><br>\n<span class-\"price_menu\">Price per person: 50 \u20ac  \n<\/span><\/div>\t\t\t\t\t\t\r\n\t\t\t\t\t\t\t\t\t\t\t<\/div>\r\n\t\t\t\t<\/div>\r\n\t\t\t\t\t<\/div><!-- .sina-banner-slider -->\r\n\t\t\t\t\t\t<\/div>\n\t\t\t\t<\/div>\n\t\t\t\t<\/div>\n\t\t\t\t<\/div>","protected":false},"excerpt":{"rendered":"<p>Service repas Profitez d\u2019un service repas dans votre Villa! Lorsque vous s\u00e9journez dans votre villa priv\u00e9e \u00e0 Marrakech, laissez-nous prendre soin de tous vos besoins culinaires. Notre service de repas sur mesure vous offre une exp\u00e9rience gastronomique inoubliable, avec des plats frais et savoureux pr\u00e9par\u00e9s par nos chefs talentueux. Nous sommes passionn\u00e9s par la qualit\u00e9 de nos ingr\u00e9dients, en veillant \u00e0 utiliser uniquement les produits les plus frais et les plus savoureux de la r\u00e9gion. Notre engagement envers la fra\u00eecheur est in\u00e9branlable, c&rsquo;est pourquoi nous ne congelons jamais nos aliments. Nous nous occupons de tout, de l&rsquo;achat des ingr\u00e9dients \u00e0 la pr\u00e9paration des plats et au nettoyage, pour que vous puissiez vous d\u00e9tendre et profiter pleinement de votre villa priv\u00e9e. Avec notre service de repas dans votre villa, vous pourrez d\u00e9couvrir les saveurs authentiques de la cuisine marocaine et vivre une exp\u00e9rience culinaire unique et m\u00e9morable. Achat et Livraisons d\u2019alcools \u00e0 Marrakech : Pour l\u2019alcool, vous avez la possibilit\u00e9 de rapporter vos bouteilles de votre pays d\u2019origine dans nos villas ou de les acheter sur place \u00e0 Marrakech dans les \u00e9tablissements agr\u00e9\u00e9s. Vous pouvez \u00e9galement vous faire livrer \u00e0 la villa. T\u00e9l\u00e9charger notre menu d\u00e9taill\u00e9 (PDF) Petit d\u00e9jeuner Menu Th\u00e9, caf\u00e9, jus d&rsquo;orange, yaourt, fruits de saison, pain maison, cr\u00eapes marocaines (msemen, baghrir), harcha, cr\u00eape au Nutella, toast, fromage, \u0153ufs, omelette, jben, charcuterie, beurre, confiture, miel, huile d&rsquo;olive. Ou nous pouvons nous adapter aux pr\u00e9f\u00e9rences des clients. Prix par personne : 15 \u20ac D\u00e9jeuner Menu Soupe marocaine (Harira), soupe de l\u00e9gumes, assortiment de salades marocaines, tajine de poulet, tajine de viande aux pruneaux, tajine de kefta \u00e0 la sauce tomate, tajine de l\u00e9gumes, tanjia\u2026 etc Ou nous pouvons nous adapter aux pr\u00e9f\u00e9rences des clients. Prix par personne : 30 \u20ac D\u00eener Menu Soupe marocaine (Harira), soupe de l\u00e9gumes, assortiment de salades marocaines (zaalouk, taktouka, salade de tomates et poivrons), tajine de poulet aux olives et citrons confits, tajine de viande aux pruneaux et amandes, tajine de kefta \u00e0 la sauce tomate, tajine de l\u00e9gumes, tanjia de Marrakech, couscous au l\u00e9gumes, pastilla au poulet, brochettes de viande grill\u00e9e, mechoui d&rsquo;agneau, rfissa (poulet aux lentilles et msemmen), briouates (p\u00e2tisseries farcies sal\u00e9es ou sucr\u00e9es), et makrout (p\u00e2tisserie \u00e0 base de semoule et de dattes). Ou nous pouvons nous adapter aux pr\u00e9f\u00e9rences des clients. Prix par personne : 35 \u20ac Brunch Menu Un brunch marocain combine des saveurs sucr\u00e9es et sal\u00e9es typiques de la cuisine marocain, souvent accompagn\u00e9es de th\u00e9s et de jus frais. Voici les composants d&rsquo;un brunch marocain traditionnel :Plats sucr\u00e9s , Plats sal\u00e9s , Boissons, Ou nous pouvons nous adapter aux pr\u00e9f\u00e9rences des clients. Prix par personne : 50 \u20ac Pension compl\u00e8te Menu Prix par personne : 75 \u20ac Demi-pension Menu Prix par personne : 50 \u20ac<\/p>","protected":false},"author":95,"featured_media":0,"parent":0,"menu_order":0,"comment_status":"closed","ping_status":"closed","template":"elementor_header_footer","meta":{"_acf_changed":false,"_monsterinsights_skip_tracking":false,"_monsterinsights_sitenote_active":false,"_monsterinsights_sitenote_note":"","_monsterinsights_sitenote_category":0,"_glsr_average":0,"_glsr_ranking":0,"_glsr_reviews":0,"footnotes":""},"class_list":["post-10767","page","type-page","status-publish","has-post-thumbnail","hentry"],"acf":[],"_links":{"self":[{"href":"https:\/\/www.billystays.com\/en\/wp-json\/wp\/v2\/pages\/10767","targetHints":{"allow":["GET"]}}],"collection":[{"href":"https:\/\/www.billystays.com\/en\/wp-json\/wp\/v2\/pages"}],"about":[{"href":"https:\/\/www.billystays.com\/en\/wp-json\/wp\/v2\/types\/page"}],"author":[{"embeddable":true,"href":"https:\/\/www.billystays.com\/en\/wp-json\/wp\/v2\/users\/95"}],"replies":[{"embeddable":true,"href":"https:\/\/www.billystays.com\/en\/wp-json\/wp\/v2\/comments?post=10767"}],"version-history":[{"count":0,"href":"https:\/\/www.billystays.com\/en\/wp-json\/wp\/v2\/pages\/10767\/revisions"}],"wp:attachment":[{"href":"https:\/\/www.billystays.com\/en\/wp-json\/wp\/v2\/media?parent=10767"}],"curies":[{"name":"wp","href":"https:\/\/api.w.org\/{rel}","templated":true}]}}